{"id":7613,"date":"2024-01-08T10:53:08","date_gmt":"2024-01-08T09:53:08","guid":{"rendered":"https:\/\/bonasport.com\/cbs24\/inicio\/"},"modified":"2025-11-25T13:40:08","modified_gmt":"2025-11-25T12:40:08","slug":"inicio","status":"publish","type":"page","link":"https:\/\/bonasport.com\/ca\/","title":{"rendered":"\u26ab\ufe0f Inicio"},"content":{"rendered":"<h3>EL CLUB ON VOLS ESTAR<\/h3>\n<p>No exagerem si et diem que voldr\u00e0s passar totes les teves hores aqu\u00ed, les dels teus dies d&#8217;estiu o les de l&#8217;hivern.<br \/>\nDe fet, els socis del Bona, aix\u00ed ens diuen amb carinyo, gaudeixen d&#8217;una durada mitjana de la seva estada per dia per sobre de qualsevol club esportiu de la ciutat.<\/p>\n","protected":false},"excerpt":{"rendered":"<p>EL CLUB ON VOLS ESTAR No exagerem si et diem que voldr\u00e0s passar totes les teves hores aqu\u00ed, les dels teus dies d&#8217;estiu o les de l&#8217;hivern. De fet, els socis del Bona, aix\u00ed ens diuen amb carinyo, gaudeixen d&#8217;una durada mitjana de la seva estada per dia per sobre de qualsevol club esportiu de [&hellip;]<\/p>\n","protected":false},"author":1,"featured_media":0,"parent":0,"menu_order":0,"comment_status":"closed","ping_status":"closed","template":"p-home24.php","meta":{"_acf_changed":false,"footnotes":""},"class_list":["post-7613","page","type-page","status-publish","hentry"],"acf":[],"yoast_head":"<!-- This site is optimized with the Yoast SEO plugin v27.5 - https:\/\/yoast.com\/product\/yoast-seo-wordpress\/ -->\n<title>Club Bonasport Barcelona<\/title>\n<meta name=\"description\" content=\"Bonasport \u00e9s el millor club esportiu de Barcelona, \u200b\u200bamb excel\u00b7lents instal\u00b7lacions per a la pr\u00e0ctica de tennis, p\u00e0del, esquaix, nataci\u00f3, fitness i molt m\u00e9s.\" \/>\n<meta name=\"robots\" content=\"index, follow, max-snippet:-1, max-image-preview:large, max-video-preview:-1\" \/>\n<link rel=\"canonical\" href=\"https:\/\/bonasport.com\/ca\/\" \/>\n<meta property=\"og:locale\" content=\"ca_ES\" \/>\n<meta property=\"og:type\" content=\"article\" \/>\n<meta property=\"og:title\" content=\"Club Bonasport Barcelona\" \/>\n<meta property=\"og:description\" content=\"Bonasport \u00e9s el millor club esportiu de Barcelona, \u200b\u200bamb excel\u00b7lents instal\u00b7lacions per a la pr\u00e0ctica de tennis, p\u00e0del, esquaix, nataci\u00f3, fitness i molt m\u00e9s.\" \/>\n<meta property=\"og:url\" content=\"https:\/\/bonasport.com\/ca\/\" \/>\n<meta property=\"og:site_name\" content=\"Bonasport Club Tenis Padel Sport Barcelona\" \/>\n<meta property=\"article:modified_time\" content=\"2025-11-25T12:40:08+00:00\" \/>\n<meta name=\"twitter:card\" content=\"summary_large_image\" \/>\n<meta name=\"twitter:label1\" content=\"Temps estimat de lectura\" \/>\n\t<meta name=\"twitter:data1\" content=\"7 minuts\" \/>\n<script type=\"application\/ld+json\" class=\"yoast-schema-graph\">{\"@context\":\"https:\\\/\\\/schema.org\",\"@graph\":[{\"@type\":\"WebPage\",\"@id\":\"https:\\\/\\\/bonasport.com\\\/ca\\\/\",\"url\":\"https:\\\/\\\/bonasport.com\\\/ca\\\/\",\"name\":\"Club Bonasport Barcelona\",\"isPartOf\":{\"@id\":\"https:\\\/\\\/bonasport.com\\\/ca\\\/#website\"},\"datePublished\":\"2024-01-08T09:53:08+00:00\",\"dateModified\":\"2025-11-25T12:40:08+00:00\",\"description\":\"Bonasport \u00e9s el millor club esportiu de Barcelona, \u200b\u200bamb excel\u00b7lents instal\u00b7lacions per a la pr\u00e0ctica de tennis, p\u00e0del, esquaix, nataci\u00f3, fitness i molt m\u00e9s.\",\"breadcrumb\":{\"@id\":\"https:\\\/\\\/bonasport.com\\\/ca\\\/#breadcrumb\"},\"inLanguage\":\"ca\",\"potentialAction\":[{\"@type\":\"ReadAction\",\"target\":[\"https:\\\/\\\/bonasport.com\\\/ca\\\/\"]}]},{\"@type\":\"BreadcrumbList\",\"@id\":\"https:\\\/\\\/bonasport.com\\\/ca\\\/#breadcrumb\",\"itemListElement\":[{\"@type\":\"ListItem\",\"position\":1,\"name\":\"Home\",\"item\":\"https:\\\/\\\/bonasport.com\\\/ca\\\/\"},{\"@type\":\"ListItem\",\"position\":2,\"name\":\"\u26ab\ufe0f Inicio\"}]},{\"@type\":\"WebSite\",\"@id\":\"https:\\\/\\\/bonasport.com\\\/ca\\\/#website\",\"url\":\"https:\\\/\\\/bonasport.com\\\/ca\\\/\",\"name\":\"Bonasport Club Tenis Padel Sport Barcelona\",\"description\":\"El Club m\u00e1s cosmopolita de Barcelona\",\"potentialAction\":[{\"@type\":\"SearchAction\",\"target\":{\"@type\":\"EntryPoint\",\"urlTemplate\":\"https:\\\/\\\/bonasport.com\\\/ca\\\/?s={search_term_string}\"},\"query-input\":{\"@type\":\"PropertyValueSpecification\",\"valueRequired\":true,\"valueName\":\"search_term_string\"}}],\"inLanguage\":\"ca\"}]}<\/script>\n<!-- \/ Yoast SEO plugin. -->","yoast_head_json":{"title":"Club Bonasport Barcelona","description":"Bonasport \u00e9s el millor club esportiu de Barcelona, \u200b\u200bamb excel\u00b7lents instal\u00b7lacions per a la pr\u00e0ctica de tennis, p\u00e0del, esquaix, nataci\u00f3, fitness i molt m\u00e9s.","robots":{"index":"index","follow":"follow","max-snippet":"max-snippet:-1","max-image-preview":"max-image-preview:large","max-video-preview":"max-video-preview:-1"},"canonical":"https:\/\/bonasport.com\/ca\/","og_locale":"ca_ES","og_type":"article","og_title":"Club Bonasport Barcelona","og_description":"Bonasport \u00e9s el millor club esportiu de Barcelona, \u200b\u200bamb excel\u00b7lents instal\u00b7lacions per a la pr\u00e0ctica de tennis, p\u00e0del, esquaix, nataci\u00f3, fitness i molt m\u00e9s.","og_url":"https:\/\/bonasport.com\/ca\/","og_site_name":"Bonasport Club Tenis Padel Sport Barcelona","article_modified_time":"2025-11-25T12:40:08+00:00","twitter_card":"summary_large_image","twitter_misc":{"Temps estimat de lectura":"7 minuts"},"schema":{"@context":"https:\/\/schema.org","@graph":[{"@type":"WebPage","@id":"https:\/\/bonasport.com\/ca\/","url":"https:\/\/bonasport.com\/ca\/","name":"Club Bonasport Barcelona","isPartOf":{"@id":"https:\/\/bonasport.com\/ca\/#website"},"datePublished":"2024-01-08T09:53:08+00:00","dateModified":"2025-11-25T12:40:08+00:00","description":"Bonasport \u00e9s el millor club esportiu de Barcelona, \u200b\u200bamb excel\u00b7lents instal\u00b7lacions per a la pr\u00e0ctica de tennis, p\u00e0del, esquaix, nataci\u00f3, fitness i molt m\u00e9s.","breadcrumb":{"@id":"https:\/\/bonasport.com\/ca\/#breadcrumb"},"inLanguage":"ca","potentialAction":[{"@type":"ReadAction","target":["https:\/\/bonasport.com\/ca\/"]}]},{"@type":"BreadcrumbList","@id":"https:\/\/bonasport.com\/ca\/#breadcrumb","itemListElement":[{"@type":"ListItem","position":1,"name":"Home","item":"https:\/\/bonasport.com\/ca\/"},{"@type":"ListItem","position":2,"name":"\u26ab\ufe0f Inicio"}]},{"@type":"WebSite","@id":"https:\/\/bonasport.com\/ca\/#website","url":"https:\/\/bonasport.com\/ca\/","name":"Bonasport Club Tenis Padel Sport Barcelona","description":"El Club m\u00e1s cosmopolita de Barcelona","potentialAction":[{"@type":"SearchAction","target":{"@type":"EntryPoint","urlTemplate":"https:\/\/bonasport.com\/ca\/?s={search_term_string}"},"query-input":{"@type":"PropertyValueSpecification","valueRequired":true,"valueName":"search_term_string"}}],"inLanguage":"ca"}]}},"_links":{"self":[{"href":"https:\/\/bonasport.com\/ca\/wp-json\/wp\/v2\/pages\/7613","targetHints":{"allow":["GET"]}}],"collection":[{"href":"https:\/\/bonasport.com\/ca\/wp-json\/wp\/v2\/pages"}],"about":[{"href":"https:\/\/bonasport.com\/ca\/wp-json\/wp\/v2\/types\/page"}],"author":[{"embeddable":true,"href":"https:\/\/bonasport.com\/ca\/wp-json\/wp\/v2\/users\/1"}],"replies":[{"embeddable":true,"href":"https:\/\/bonasport.com\/ca\/wp-json\/wp\/v2\/comments?post=7613"}],"version-history":[{"count":1,"href":"https:\/\/bonasport.com\/ca\/wp-json\/wp\/v2\/pages\/7613\/revisions"}],"predecessor-version":[{"id":9228,"href":"https:\/\/bonasport.com\/ca\/wp-json\/wp\/v2\/pages\/7613\/revisions\/9228"}],"wp:attachment":[{"href":"https:\/\/bonasport.com\/ca\/wp-json\/wp\/v2\/media?parent=7613"}],"curies":[{"name":"wp","href":"https:\/\/api.w.org\/{rel}","templated":true}]}}