{"id":7629,"date":"2024-05-29T11:21:17","date_gmt":"2024-05-29T09:21:17","guid":{"rendered":"https:\/\/bonasport.com\/cbs24\/nutricion-cientifica\/"},"modified":"2024-11-24T10:11:47","modified_gmt":"2024-11-24T09:11:47","slug":"nutricio-cientifica","status":"publish","type":"page","link":"https:\/\/bonasport.com\/ca\/nutricio-cientifica\/","title":{"rendered":"Landing Nutrici\u00f3 Cient\u00edfica Barcelona"},"content":{"rendered":"<h2>Camps de Nutrici\u00f3 Cient\u00edfica<\/h2>\n<p><strong>Medicina i nutrici\u00f3 esportiva:<\/strong><br \/>\nAugmenta el teu rendiment, aconsegueix una major recuperaci\u00f3 entre entrenaments i aconsegueix maximitzar totes les funcions internes per arribar al punt esportiu \u00f2ptim<\/p>\n<p><strong>Medicina i nutrici\u00f3 antiaging:<\/strong><br \/>\n<strong>NCB<\/strong> ha desenvolupat un m\u00e8tode revolucionari i innovador on poder disminuir l&#8217;envelliment cel\u00b7lular, i aix\u00ed aconseguir mantenir-te el m\u00e9s jove possible.<\/p>\n<p><strong>Medicina i nutrici\u00f3 terap\u00e8utica:<\/strong><br \/>\nA <strong>NCB<\/strong> investiguen de manera exhaustiva cada cas en concret fins a trobar l&#8217;origen del trastorn funcional o malaltia.<\/p>\n<p><strong>Coaching esportiu:<\/strong><br \/>\nmitjan\u00e7ant sessions individuals personalitzades, es treballen les pors, inseguretats, creences limitants i altres obstacles que puguin estar frenant el proc\u00e9s. L&#8217;objectiu \u00e9s establir una base s\u00f2lida de confian\u00e7a, motivaci\u00f3 i autodisciplina, permetent fer front a qualsevol desafiament.<\/p>\n<p><strong>Coaching nutricional:<\/strong><br \/>\nEl couching nutricional s&#8217;enfoca a treballar la flexibilitat de les normes aliment\u00e0ries per aconseguir tenir un balan\u00e7 entre all\u00f2 nutritiu i all\u00f2 emocional, adaptant-nos al context.<\/p>\n<p><a class=\"bsbtn\" href=\"?p=807\">T\u00e8cnics de Nutrici\u00f3<\/a><\/p>\n","protected":false},"excerpt":{"rendered":"<p>Camps de Nutrici\u00f3 Cient\u00edfica Medicina i nutrici\u00f3 esportiva: Augmenta el teu rendiment, aconsegueix una major recuperaci\u00f3 entre entrenaments i aconsegueix maximitzar totes les funcions internes per arribar al punt esportiu \u00f2ptim Medicina i nutrici\u00f3 antiaging: NCB ha desenvolupat un m\u00e8tode revolucionari i innovador on poder disminuir l&#8217;envelliment cel\u00b7lular, i aix\u00ed aconseguir mantenir-te el m\u00e9s jove [&hellip;]<\/p>\n","protected":false},"author":1,"featured_media":0,"parent":0,"menu_order":0,"comment_status":"closed","ping_status":"closed","template":"p-landing.php","meta":{"_acf_changed":false,"footnotes":""},"class_list":["post-7629","page","type-page","status-publish","hentry"],"acf":[],"yoast_head":"<!-- This site is optimized with the Yoast SEO plugin v27.5 - https:\/\/yoast.com\/product\/yoast-seo-wordpress\/ -->\n<title>Nutrici\u00f3 Cient\u00edfica Barcelona - Bonasport Club Tenis Padel Sport Barcelona<\/title>\n<meta name=\"description\" content=\"Nutrici\u00f3 Cient\u00edfica Barcelona \u00e9s un equip de professionals enfocats a millorar la salut amb l&#039;alimentaci\u00f3 i el rendiment esportiu.\" \/>\n<meta name=\"robots\" content=\"index, follow, max-snippet:-1, max-image-preview:large, max-video-preview:-1\" \/>\n<link rel=\"canonical\" href=\"https:\/\/bonasport.com\/ca\/nutricio-cientifica\/\" \/>\n<meta property=\"og:locale\" content=\"ca_ES\" \/>\n<meta property=\"og:type\" content=\"article\" \/>\n<meta property=\"og:title\" content=\"Nutrici\u00f3 Cient\u00edfica Barcelona - Bonasport Club Tenis Padel Sport Barcelona\" \/>\n<meta property=\"og:description\" content=\"Nutrici\u00f3 Cient\u00edfica Barcelona \u00e9s un equip de professionals enfocats a millorar la salut amb l&#039;alimentaci\u00f3 i el rendiment esportiu.\" \/>\n<meta property=\"og:url\" content=\"https:\/\/bonasport.com\/ca\/nutricio-cientifica\/\" \/>\n<meta property=\"og:site_name\" content=\"Bonasport Club Tenis Padel Sport Barcelona\" \/>\n<meta property=\"article:modified_time\" content=\"2024-11-24T09:11:47+00:00\" \/>\n<meta name=\"twitter:card\" content=\"summary_large_image\" \/>\n<meta name=\"twitter:label1\" content=\"Temps estimat de lectura\" \/>\n\t<meta name=\"twitter:data1\" content=\"3 minuts\" \/>\n<script type=\"application\/ld+json\" class=\"yoast-schema-graph\">{\"@context\":\"https:\\\/\\\/schema.org\",\"@graph\":[{\"@type\":\"WebPage\",\"@id\":\"https:\\\/\\\/bonasport.com\\\/ca\\\/nutricio-cientifica\\\/\",\"url\":\"https:\\\/\\\/bonasport.com\\\/ca\\\/nutricio-cientifica\\\/\",\"name\":\"Nutrici\u00f3 Cient\u00edfica Barcelona - Bonasport Club Tenis Padel Sport Barcelona\",\"isPartOf\":{\"@id\":\"https:\\\/\\\/bonasport.com\\\/ca\\\/#website\"},\"datePublished\":\"2024-05-29T09:21:17+00:00\",\"dateModified\":\"2024-11-24T09:11:47+00:00\",\"description\":\"Nutrici\u00f3 Cient\u00edfica Barcelona \u00e9s un equip de professionals enfocats a millorar la salut amb l'alimentaci\u00f3 i el rendiment esportiu.\",\"breadcrumb\":{\"@id\":\"https:\\\/\\\/bonasport.com\\\/ca\\\/nutricio-cientifica\\\/#breadcrumb\"},\"inLanguage\":\"ca\",\"potentialAction\":[{\"@type\":\"ReadAction\",\"target\":[\"https:\\\/\\\/bonasport.com\\\/ca\\\/nutricio-cientifica\\\/\"]}]},{\"@type\":\"BreadcrumbList\",\"@id\":\"https:\\\/\\\/bonasport.com\\\/ca\\\/nutricio-cientifica\\\/#breadcrumb\",\"itemListElement\":[{\"@type\":\"ListItem\",\"position\":1,\"name\":\"Home\",\"item\":\"https:\\\/\\\/bonasport.com\\\/ca\\\/\"},{\"@type\":\"ListItem\",\"position\":2,\"name\":\"Landing Nutrici\u00f3 Cient\u00edfica Barcelona\"}]},{\"@type\":\"WebSite\",\"@id\":\"https:\\\/\\\/bonasport.com\\\/ca\\\/#website\",\"url\":\"https:\\\/\\\/bonasport.com\\\/ca\\\/\",\"name\":\"Bonasport Club Tenis Padel Sport Barcelona\",\"description\":\"El Club m\u00e1s cosmopolita de Barcelona\",\"potentialAction\":[{\"@type\":\"SearchAction\",\"target\":{\"@type\":\"EntryPoint\",\"urlTemplate\":\"https:\\\/\\\/bonasport.com\\\/ca\\\/?s={search_term_string}\"},\"query-input\":{\"@type\":\"PropertyValueSpecification\",\"valueRequired\":true,\"valueName\":\"search_term_string\"}}],\"inLanguage\":\"ca\"}]}<\/script>\n<!-- \/ Yoast SEO plugin. -->","yoast_head_json":{"title":"Nutrici\u00f3 Cient\u00edfica Barcelona - Bonasport Club Tenis Padel Sport Barcelona","description":"Nutrici\u00f3 Cient\u00edfica Barcelona \u00e9s un equip de professionals enfocats a millorar la salut amb l'alimentaci\u00f3 i el rendiment esportiu.","robots":{"index":"index","follow":"follow","max-snippet":"max-snippet:-1","max-image-preview":"max-image-preview:large","max-video-preview":"max-video-preview:-1"},"canonical":"https:\/\/bonasport.com\/ca\/nutricio-cientifica\/","og_locale":"ca_ES","og_type":"article","og_title":"Nutrici\u00f3 Cient\u00edfica Barcelona - Bonasport Club Tenis Padel Sport Barcelona","og_description":"Nutrici\u00f3 Cient\u00edfica Barcelona \u00e9s un equip de professionals enfocats a millorar la salut amb l'alimentaci\u00f3 i el rendiment esportiu.","og_url":"https:\/\/bonasport.com\/ca\/nutricio-cientifica\/","og_site_name":"Bonasport Club Tenis Padel Sport Barcelona","article_modified_time":"2024-11-24T09:11:47+00:00","twitter_card":"summary_large_image","twitter_misc":{"Temps estimat de lectura":"3 minuts"},"schema":{"@context":"https:\/\/schema.org","@graph":[{"@type":"WebPage","@id":"https:\/\/bonasport.com\/ca\/nutricio-cientifica\/","url":"https:\/\/bonasport.com\/ca\/nutricio-cientifica\/","name":"Nutrici\u00f3 Cient\u00edfica Barcelona - Bonasport Club Tenis Padel Sport Barcelona","isPartOf":{"@id":"https:\/\/bonasport.com\/ca\/#website"},"datePublished":"2024-05-29T09:21:17+00:00","dateModified":"2024-11-24T09:11:47+00:00","description":"Nutrici\u00f3 Cient\u00edfica Barcelona \u00e9s un equip de professionals enfocats a millorar la salut amb l'alimentaci\u00f3 i el rendiment esportiu.","breadcrumb":{"@id":"https:\/\/bonasport.com\/ca\/nutricio-cientifica\/#breadcrumb"},"inLanguage":"ca","potentialAction":[{"@type":"ReadAction","target":["https:\/\/bonasport.com\/ca\/nutricio-cientifica\/"]}]},{"@type":"BreadcrumbList","@id":"https:\/\/bonasport.com\/ca\/nutricio-cientifica\/#breadcrumb","itemListElement":[{"@type":"ListItem","position":1,"name":"Home","item":"https:\/\/bonasport.com\/ca\/"},{"@type":"ListItem","position":2,"name":"Landing Nutrici\u00f3 Cient\u00edfica Barcelona"}]},{"@type":"WebSite","@id":"https:\/\/bonasport.com\/ca\/#website","url":"https:\/\/bonasport.com\/ca\/","name":"Bonasport Club Tenis Padel Sport Barcelona","description":"El Club m\u00e1s cosmopolita de Barcelona","potentialAction":[{"@type":"SearchAction","target":{"@type":"EntryPoint","urlTemplate":"https:\/\/bonasport.com\/ca\/?s={search_term_string}"},"query-input":{"@type":"PropertyValueSpecification","valueRequired":true,"valueName":"search_term_string"}}],"inLanguage":"ca"}]}},"_links":{"self":[{"href":"https:\/\/bonasport.com\/ca\/wp-json\/wp\/v2\/pages\/7629","targetHints":{"allow":["GET"]}}],"collection":[{"href":"https:\/\/bonasport.com\/ca\/wp-json\/wp\/v2\/pages"}],"about":[{"href":"https:\/\/bonasport.com\/ca\/wp-json\/wp\/v2\/types\/page"}],"author":[{"embeddable":true,"href":"https:\/\/bonasport.com\/ca\/wp-json\/wp\/v2\/users\/1"}],"replies":[{"embeddable":true,"href":"https:\/\/bonasport.com\/ca\/wp-json\/wp\/v2\/comments?post=7629"}],"version-history":[{"count":0,"href":"https:\/\/bonasport.com\/ca\/wp-json\/wp\/v2\/pages\/7629\/revisions"}],"wp:attachment":[{"href":"https:\/\/bonasport.com\/ca\/wp-json\/wp\/v2\/media?parent=7629"}],"curies":[{"name":"wp","href":"https:\/\/api.w.org\/{rel}","templated":true}]}}