{"id":7647,"date":"2024-06-20T13:43:30","date_gmt":"2024-06-20T11:43:30","guid":{"rendered":"https:\/\/bonasport.com\/cbs24\/monitores\/"},"modified":"2026-02-27T12:55:58","modified_gmt":"2026-02-27T11:55:58","slug":"monitors","status":"publish","type":"page","link":"https:\/\/bonasport.com\/ca\/monitors\/","title":{"rendered":"Monitores Bonasport"},"content":{"rendered":"<h1>Monitors Bonasport<\/h1>\n<h2>Comptem amb els millors entrenadors personals, dedicats a oferir assessorament de primera qualitat als nostres socis. Entenem que cada persona \u00e9s \u00fanica, per aix\u00f2 dissenyem programes d&#8217;entrenament exclusius que s&#8217;adapten als objectius i metes individuals de cada soci.<\/h2>\n","protected":false},"excerpt":{"rendered":"<p>Monitors Bonasport Comptem amb els millors entrenadors personals, dedicats a oferir assessorament de primera qualitat als nostres socis. Entenem que cada persona \u00e9s \u00fanica, per aix\u00f2 dissenyem programes d&#8217;entrenament exclusius que s&#8217;adapten als objectius i metes individuals de cada soci.<\/p>\n","protected":false},"author":1,"featured_media":0,"parent":0,"menu_order":0,"comment_status":"closed","ping_status":"closed","template":"p-monitors.php","meta":{"_acf_changed":false,"footnotes":""},"class_list":["post-7647","page","type-page","status-publish","hentry"],"acf":[],"yoast_head":"<!-- This site is optimized with the Yoast SEO plugin v27.3 - https:\/\/yoast.com\/product\/yoast-seo-wordpress\/ -->\n<title>Monitors - Bonasport Club Tenis Padel Sport Barcelona<\/title>\n<meta name=\"description\" content=\"El nostre equip est\u00e0 comprom\u00e8s tant amb el benestar integral dels nostres membres aix\u00ed com millorar la seva condici\u00f3 f\u00edsica.\" \/>\n<meta name=\"robots\" content=\"index, follow, max-snippet:-1, max-image-preview:large, max-video-preview:-1\" \/>\n<link rel=\"canonical\" href=\"https:\/\/bonasport.com\/ca\/monitors\/\" \/>\n<meta property=\"og:locale\" content=\"ca_ES\" \/>\n<meta property=\"og:type\" content=\"article\" \/>\n<meta property=\"og:title\" content=\"Monitors - Bonasport Club Tenis Padel Sport Barcelona\" \/>\n<meta property=\"og:description\" content=\"El nostre equip est\u00e0 comprom\u00e8s tant amb el benestar integral dels nostres membres aix\u00ed com millorar la seva condici\u00f3 f\u00edsica.\" \/>\n<meta property=\"og:url\" content=\"https:\/\/bonasport.com\/ca\/monitors\/\" \/>\n<meta property=\"og:site_name\" content=\"Bonasport Club Tenis Padel Sport Barcelona\" \/>\n<meta property=\"article:modified_time\" content=\"2026-02-27T11:55:58+00:00\" \/>\n<meta name=\"twitter:card\" content=\"summary_large_image\" \/>\n<meta name=\"twitter:label1\" content=\"Temps estimat de lectura\" \/>\n\t<meta name=\"twitter:data1\" content=\"6 minuts\" \/>\n<script type=\"application\/ld+json\" class=\"yoast-schema-graph\">{\"@context\":\"https:\\\/\\\/schema.org\",\"@graph\":[{\"@type\":\"WebPage\",\"@id\":\"https:\\\/\\\/bonasport.com\\\/ca\\\/monitors\\\/\",\"url\":\"https:\\\/\\\/bonasport.com\\\/ca\\\/monitors\\\/\",\"name\":\"Monitors - Bonasport Club Tenis Padel Sport Barcelona\",\"isPartOf\":{\"@id\":\"https:\\\/\\\/bonasport.com\\\/ca\\\/#website\"},\"datePublished\":\"2024-06-20T11:43:30+00:00\",\"dateModified\":\"2026-02-27T11:55:58+00:00\",\"description\":\"El nostre equip est\u00e0 comprom\u00e8s tant amb el benestar integral dels nostres membres aix\u00ed com millorar la seva condici\u00f3 f\u00edsica.\",\"breadcrumb\":{\"@id\":\"https:\\\/\\\/bonasport.com\\\/ca\\\/monitors\\\/#breadcrumb\"},\"inLanguage\":\"ca\",\"potentialAction\":[{\"@type\":\"ReadAction\",\"target\":[\"https:\\\/\\\/bonasport.com\\\/ca\\\/monitors\\\/\"]}]},{\"@type\":\"BreadcrumbList\",\"@id\":\"https:\\\/\\\/bonasport.com\\\/ca\\\/monitors\\\/#breadcrumb\",\"itemListElement\":[{\"@type\":\"ListItem\",\"position\":1,\"name\":\"Home\",\"item\":\"https:\\\/\\\/bonasport.com\\\/ca\\\/\"},{\"@type\":\"ListItem\",\"position\":2,\"name\":\"Monitores Bonasport\"}]},{\"@type\":\"WebSite\",\"@id\":\"https:\\\/\\\/bonasport.com\\\/ca\\\/#website\",\"url\":\"https:\\\/\\\/bonasport.com\\\/ca\\\/\",\"name\":\"Bonasport Club Tenis Padel Sport Barcelona\",\"description\":\"El Club m\u00e1s cosmopolita de Barcelona\",\"potentialAction\":[{\"@type\":\"SearchAction\",\"target\":{\"@type\":\"EntryPoint\",\"urlTemplate\":\"https:\\\/\\\/bonasport.com\\\/ca\\\/?s={search_term_string}\"},\"query-input\":{\"@type\":\"PropertyValueSpecification\",\"valueRequired\":true,\"valueName\":\"search_term_string\"}}],\"inLanguage\":\"ca\"}]}<\/script>\n<!-- \/ Yoast SEO plugin. -->","yoast_head_json":{"title":"Monitors - Bonasport Club Tenis Padel Sport Barcelona","description":"El nostre equip est\u00e0 comprom\u00e8s tant amb el benestar integral dels nostres membres aix\u00ed com millorar la seva condici\u00f3 f\u00edsica.","robots":{"index":"index","follow":"follow","max-snippet":"max-snippet:-1","max-image-preview":"max-image-preview:large","max-video-preview":"max-video-preview:-1"},"canonical":"https:\/\/bonasport.com\/ca\/monitors\/","og_locale":"ca_ES","og_type":"article","og_title":"Monitors - Bonasport Club Tenis Padel Sport Barcelona","og_description":"El nostre equip est\u00e0 comprom\u00e8s tant amb el benestar integral dels nostres membres aix\u00ed com millorar la seva condici\u00f3 f\u00edsica.","og_url":"https:\/\/bonasport.com\/ca\/monitors\/","og_site_name":"Bonasport Club Tenis Padel Sport Barcelona","article_modified_time":"2026-02-27T11:55:58+00:00","twitter_card":"summary_large_image","twitter_misc":{"Temps estimat de lectura":"6 minuts"},"schema":{"@context":"https:\/\/schema.org","@graph":[{"@type":"WebPage","@id":"https:\/\/bonasport.com\/ca\/monitors\/","url":"https:\/\/bonasport.com\/ca\/monitors\/","name":"Monitors - Bonasport Club Tenis Padel Sport Barcelona","isPartOf":{"@id":"https:\/\/bonasport.com\/ca\/#website"},"datePublished":"2024-06-20T11:43:30+00:00","dateModified":"2026-02-27T11:55:58+00:00","description":"El nostre equip est\u00e0 comprom\u00e8s tant amb el benestar integral dels nostres membres aix\u00ed com millorar la seva condici\u00f3 f\u00edsica.","breadcrumb":{"@id":"https:\/\/bonasport.com\/ca\/monitors\/#breadcrumb"},"inLanguage":"ca","potentialAction":[{"@type":"ReadAction","target":["https:\/\/bonasport.com\/ca\/monitors\/"]}]},{"@type":"BreadcrumbList","@id":"https:\/\/bonasport.com\/ca\/monitors\/#breadcrumb","itemListElement":[{"@type":"ListItem","position":1,"name":"Home","item":"https:\/\/bonasport.com\/ca\/"},{"@type":"ListItem","position":2,"name":"Monitores Bonasport"}]},{"@type":"WebSite","@id":"https:\/\/bonasport.com\/ca\/#website","url":"https:\/\/bonasport.com\/ca\/","name":"Bonasport Club Tenis Padel Sport Barcelona","description":"El Club m\u00e1s cosmopolita de Barcelona","potentialAction":[{"@type":"SearchAction","target":{"@type":"EntryPoint","urlTemplate":"https:\/\/bonasport.com\/ca\/?s={search_term_string}"},"query-input":{"@type":"PropertyValueSpecification","valueRequired":true,"valueName":"search_term_string"}}],"inLanguage":"ca"}]}},"_links":{"self":[{"href":"https:\/\/bonasport.com\/ca\/wp-json\/wp\/v2\/pages\/7647","targetHints":{"allow":["GET"]}}],"collection":[{"href":"https:\/\/bonasport.com\/ca\/wp-json\/wp\/v2\/pages"}],"about":[{"href":"https:\/\/bonasport.com\/ca\/wp-json\/wp\/v2\/types\/page"}],"author":[{"embeddable":true,"href":"https:\/\/bonasport.com\/ca\/wp-json\/wp\/v2\/users\/1"}],"replies":[{"embeddable":true,"href":"https:\/\/bonasport.com\/ca\/wp-json\/wp\/v2\/comments?post=7647"}],"version-history":[{"count":11,"href":"https:\/\/bonasport.com\/ca\/wp-json\/wp\/v2\/pages\/7647\/revisions"}],"predecessor-version":[{"id":9390,"href":"https:\/\/bonasport.com\/ca\/wp-json\/wp\/v2\/pages\/7647\/revisions\/9390"}],"wp:attachment":[{"href":"https:\/\/bonasport.com\/ca\/wp-json\/wp\/v2\/media?parent=7647"}],"curies":[{"name":"wp","href":"https:\/\/api.w.org\/{rel}","templated":true}]}}