{"id":7655,"date":"2024-01-17T22:33:19","date_gmt":"2024-01-17T21:33:19","guid":{"rendered":"https:\/\/bonasport.com\/cbs24\/wellness-beauty\/"},"modified":"2024-11-25T08:10:35","modified_gmt":"2024-11-25T07:10:35","slug":"wellness-beauty","status":"publish","type":"page","link":"https:\/\/bonasport.com\/ca\/wellness-beauty\/","title":{"rendered":"Wellness &#038; Beauty"},"content":{"rendered":"","protected":false},"excerpt":{"rendered":"","protected":false},"author":2,"featured_media":0,"parent":0,"menu_order":5,"comment_status":"closed","ping_status":"closed","template":"p-serveis-land.php","meta":{"_acf_changed":false,"footnotes":""},"class_list":["post-7655","page","type-page","status-publish","hentry"],"acf":[],"yoast_head":"<!-- This site is optimized with the Yoast SEO plugin v27.3 - https:\/\/yoast.com\/product\/yoast-seo-wordpress\/ -->\n<title>Wellness &amp; Beauty - Bonasport Club Tenis Padel Sport Barcelona<\/title>\n<meta name=\"description\" content=\"La secci\u00f3 de Wellness &amp; Beauty \u00e9s molt important a Bonasport, per aix\u00f2 oferim servei m\u00e8dic, nutrici\u00f3, fisioter\u00e0pia, centre est\u00e8tic i Spa.\" \/>\n<meta name=\"robots\" content=\"index, follow, max-snippet:-1, max-image-preview:large, max-video-preview:-1\" \/>\n<link rel=\"canonical\" href=\"https:\/\/bonasport.com\/ca\/wellness-beauty\/\" \/>\n<meta property=\"og:locale\" content=\"ca_ES\" \/>\n<meta property=\"og:type\" content=\"article\" \/>\n<meta property=\"og:title\" content=\"Wellness &amp; Beauty - Bonasport Club Tenis Padel Sport Barcelona\" \/>\n<meta property=\"og:description\" content=\"La secci\u00f3 de Wellness &amp; Beauty \u00e9s molt important a Bonasport, per aix\u00f2 oferim servei m\u00e8dic, nutrici\u00f3, fisioter\u00e0pia, centre est\u00e8tic i Spa.\" \/>\n<meta property=\"og:url\" content=\"https:\/\/bonasport.com\/ca\/wellness-beauty\/\" \/>\n<meta property=\"og:site_name\" content=\"Bonasport Club Tenis Padel Sport Barcelona\" \/>\n<meta property=\"article:modified_time\" content=\"2024-11-25T07:10:35+00:00\" \/>\n<meta name=\"twitter:card\" content=\"summary_large_image\" \/>\n<meta name=\"twitter:label1\" content=\"Temps estimat de lectura\" \/>\n\t<meta name=\"twitter:data1\" content=\"1 minut\" \/>\n<script type=\"application\/ld+json\" class=\"yoast-schema-graph\">{\"@context\":\"https:\\\/\\\/schema.org\",\"@graph\":[{\"@type\":\"WebPage\",\"@id\":\"https:\\\/\\\/bonasport.com\\\/ca\\\/wellness-beauty\\\/\",\"url\":\"https:\\\/\\\/bonasport.com\\\/ca\\\/wellness-beauty\\\/\",\"name\":\"Wellness & Beauty - Bonasport Club Tenis Padel Sport Barcelona\",\"isPartOf\":{\"@id\":\"https:\\\/\\\/bonasport.com\\\/ca\\\/#website\"},\"datePublished\":\"2024-01-17T21:33:19+00:00\",\"dateModified\":\"2024-11-25T07:10:35+00:00\",\"description\":\"La secci\u00f3 de Wellness & Beauty \u00e9s molt important a Bonasport, per aix\u00f2 oferim servei m\u00e8dic, nutrici\u00f3, fisioter\u00e0pia, centre est\u00e8tic i Spa.\",\"breadcrumb\":{\"@id\":\"https:\\\/\\\/bonasport.com\\\/ca\\\/wellness-beauty\\\/#breadcrumb\"},\"inLanguage\":\"ca\",\"potentialAction\":[{\"@type\":\"ReadAction\",\"target\":[\"https:\\\/\\\/bonasport.com\\\/ca\\\/wellness-beauty\\\/\"]}]},{\"@type\":\"BreadcrumbList\",\"@id\":\"https:\\\/\\\/bonasport.com\\\/ca\\\/wellness-beauty\\\/#breadcrumb\",\"itemListElement\":[{\"@type\":\"ListItem\",\"position\":1,\"name\":\"Home\",\"item\":\"https:\\\/\\\/bonasport.com\\\/ca\\\/\"},{\"@type\":\"ListItem\",\"position\":2,\"name\":\"Wellness &#038; Beauty\"}]},{\"@type\":\"WebSite\",\"@id\":\"https:\\\/\\\/bonasport.com\\\/ca\\\/#website\",\"url\":\"https:\\\/\\\/bonasport.com\\\/ca\\\/\",\"name\":\"Bonasport Club Tenis Padel Sport Barcelona\",\"description\":\"El Club m\u00e1s cosmopolita de Barcelona\",\"potentialAction\":[{\"@type\":\"SearchAction\",\"target\":{\"@type\":\"EntryPoint\",\"urlTemplate\":\"https:\\\/\\\/bonasport.com\\\/ca\\\/?s={search_term_string}\"},\"query-input\":{\"@type\":\"PropertyValueSpecification\",\"valueRequired\":true,\"valueName\":\"search_term_string\"}}],\"inLanguage\":\"ca\"}]}<\/script>\n<!-- \/ Yoast SEO plugin. -->","yoast_head_json":{"title":"Wellness & Beauty - Bonasport Club Tenis Padel Sport Barcelona","description":"La secci\u00f3 de Wellness & Beauty \u00e9s molt important a Bonasport, per aix\u00f2 oferim servei m\u00e8dic, nutrici\u00f3, fisioter\u00e0pia, centre est\u00e8tic i Spa.","robots":{"index":"index","follow":"follow","max-snippet":"max-snippet:-1","max-image-preview":"max-image-preview:large","max-video-preview":"max-video-preview:-1"},"canonical":"https:\/\/bonasport.com\/ca\/wellness-beauty\/","og_locale":"ca_ES","og_type":"article","og_title":"Wellness & Beauty - Bonasport Club Tenis Padel Sport Barcelona","og_description":"La secci\u00f3 de Wellness & Beauty \u00e9s molt important a Bonasport, per aix\u00f2 oferim servei m\u00e8dic, nutrici\u00f3, fisioter\u00e0pia, centre est\u00e8tic i Spa.","og_url":"https:\/\/bonasport.com\/ca\/wellness-beauty\/","og_site_name":"Bonasport Club Tenis Padel Sport Barcelona","article_modified_time":"2024-11-25T07:10:35+00:00","twitter_card":"summary_large_image","twitter_misc":{"Temps estimat de lectura":"1 minut"},"schema":{"@context":"https:\/\/schema.org","@graph":[{"@type":"WebPage","@id":"https:\/\/bonasport.com\/ca\/wellness-beauty\/","url":"https:\/\/bonasport.com\/ca\/wellness-beauty\/","name":"Wellness & Beauty - Bonasport Club Tenis Padel Sport Barcelona","isPartOf":{"@id":"https:\/\/bonasport.com\/ca\/#website"},"datePublished":"2024-01-17T21:33:19+00:00","dateModified":"2024-11-25T07:10:35+00:00","description":"La secci\u00f3 de Wellness & Beauty \u00e9s molt important a Bonasport, per aix\u00f2 oferim servei m\u00e8dic, nutrici\u00f3, fisioter\u00e0pia, centre est\u00e8tic i Spa.","breadcrumb":{"@id":"https:\/\/bonasport.com\/ca\/wellness-beauty\/#breadcrumb"},"inLanguage":"ca","potentialAction":[{"@type":"ReadAction","target":["https:\/\/bonasport.com\/ca\/wellness-beauty\/"]}]},{"@type":"BreadcrumbList","@id":"https:\/\/bonasport.com\/ca\/wellness-beauty\/#breadcrumb","itemListElement":[{"@type":"ListItem","position":1,"name":"Home","item":"https:\/\/bonasport.com\/ca\/"},{"@type":"ListItem","position":2,"name":"Wellness &#038; Beauty"}]},{"@type":"WebSite","@id":"https:\/\/bonasport.com\/ca\/#website","url":"https:\/\/bonasport.com\/ca\/","name":"Bonasport Club Tenis Padel Sport Barcelona","description":"El Club m\u00e1s cosmopolita de Barcelona","potentialAction":[{"@type":"SearchAction","target":{"@type":"EntryPoint","urlTemplate":"https:\/\/bonasport.com\/ca\/?s={search_term_string}"},"query-input":{"@type":"PropertyValueSpecification","valueRequired":true,"valueName":"search_term_string"}}],"inLanguage":"ca"}]}},"_links":{"self":[{"href":"https:\/\/bonasport.com\/ca\/wp-json\/wp\/v2\/pages\/7655","targetHints":{"allow":["GET"]}}],"collection":[{"href":"https:\/\/bonasport.com\/ca\/wp-json\/wp\/v2\/pages"}],"about":[{"href":"https:\/\/bonasport.com\/ca\/wp-json\/wp\/v2\/types\/page"}],"author":[{"embeddable":true,"href":"https:\/\/bonasport.com\/ca\/wp-json\/wp\/v2\/users\/2"}],"replies":[{"embeddable":true,"href":"https:\/\/bonasport.com\/ca\/wp-json\/wp\/v2\/comments?post=7655"}],"version-history":[{"count":0,"href":"https:\/\/bonasport.com\/ca\/wp-json\/wp\/v2\/pages\/7655\/revisions"}],"wp:attachment":[{"href":"https:\/\/bonasport.com\/ca\/wp-json\/wp\/v2\/media?parent=7655"}],"curies":[{"name":"wp","href":"https:\/\/api.w.org\/{rel}","templated":true}]}}