{"id":7664,"date":"2024-01-17T18:19:57","date_gmt":"2024-01-17T17:19:57","guid":{"rendered":"https:\/\/bonasport.com\/cbs24\/contacto\/"},"modified":"2024-11-25T13:27:16","modified_gmt":"2024-11-25T12:27:16","slug":"contacte","status":"publish","type":"page","link":"https:\/\/bonasport.com\/ca\/contacte\/","title":{"rendered":"Contacte"},"content":{"rendered":"\n<div class=\"wp-block-columns is-layout-flex wp-container-core-columns-is-layout-9d6595d7 wp-block-columns-is-layout-flex\">\n<div class=\"wp-block-column has-medium-font-size is-layout-flow wp-block-column-is-layout-flow\">\n<h2 class=\"wp-block-heading has-luminous-vivid-orange-color has-text-color has-link-color wp-elements-4914882281ac5407d2c460c64ff51125\">Club Bonasport Barcelona<\/h2>\n\n\n\n<p><strong>Tel\u00e8fon:<\/strong>&nbsp;<a href=\"mailto:93 254 15 00\" target=\"_blank\" rel=\"noreferrer noopener\">93 254 15 00<\/a><br><strong>Fax:<\/strong>&nbsp;93 418 52 09<br><strong>E-mail:<\/strong>&nbsp;<a href=\"mailto:info@bonasport.com\" target=\"_blank\" rel=\"noreferrer noopener\">info@bonasport.com<\/a><br><strong>Direcci\u00f3:<\/strong>&nbsp;Vistabella 11 <br>08022 Barcelona<\/p>\n\n\n\n<p class=\"p-btnbs has-black-color has-text-color has-link-color wp-elements-e308bac7201e7544813d915e5e4d3969\"><a href=\"https:\/\/bonasport.com\/cbs24\/mapa-instalaciones\/\" target=\"_blank\" rel=\"noreferrer noopener\">\u2b95 Mapa del club<\/a><br><a href=\"https:\/\/bonasport.com\/cbs24\/mapa-google\/\" target=\"_blank\" rel=\"noreferrer noopener\">\u2b95 Google&nbsp;Map<\/a><\/p>\n\n\n\n<div style=\"height:var(--wp--preset--spacing--80)\" aria-hidden=\"true\" class=\"wp-block-spacer\"><\/div>\n\n\n\n<p class=\"has-medium-font-size\"><strong>Vol treballar a Bonasport?<\/strong><br>Envieu-nos el vostre Curr\u00edculum Vitae&nbsp;<br>mitjan\u00e7ant aquest formulari. \u2b95<\/p>\n<\/div>\n\n\n\n<div class=\"wp-block-column is-layout-flow wp-block-column-is-layout-flow\">\n<div class=\"wp-block-contact-form-7-contact-form-selector\">\n<div class=\"wpcf7 no-js\" id=\"wpcf7-f8862-o1\" lang=\"es-ES\" dir=\"ltr\" data-wpcf7-id=\"8862\">\n<div class=\"screen-reader-response\"><p role=\"status\" aria-live=\"polite\" aria-atomic=\"true\"><\/p> <ul><\/ul><\/div>\n<form action=\"\/ca\/wp-json\/wp\/v2\/pages\/7664#wpcf7-f8862-o1\" method=\"post\" class=\"wpcf7-form init\" aria-label=\"Formulario de contacto\" enctype=\"multipart\/form-data\" novalidate=\"novalidate\" data-status=\"init\">\n<fieldset class=\"hidden-fields-container\"><input type=\"hidden\" name=\"_wpcf7\" value=\"8862\" \/><input type=\"hidden\" name=\"_wpcf7_version\" value=\"6.1.5\" \/><input type=\"hidden\" name=\"_wpcf7_locale\" value=\"es_ES\" \/><input type=\"hidden\" name=\"_wpcf7_unit_tag\" value=\"wpcf7-f8862-o1\" \/><input type=\"hidden\" name=\"_wpcf7_container_post\" value=\"0\" \/><input type=\"hidden\" name=\"_wpcf7_posted_data_hash\" value=\"\" \/>\n<\/fieldset>\n<div class=\"wpcf7-turnstile cf-turnstile\" data-sitekey=\"0x4AAAAAAB5DSYQEN7cXotAf\" data-response-field-name=\"_wpcf7_turnstile_response\"><\/div>\n\n<p><span class=\"wpcf7-form-control-wrap\" data-name=\"fname\"><input size=\"40\" maxlength=\"400\" class=\"wpcf7-form-control wpcf7-text wpcf7-validates-as-required\" aria-required=\"true\" aria-invalid=\"false\" placeholder=\"El teu nom\" value=\"\" type=\"text\" name=\"fname\" \/><\/span>\n<\/p>\n<p><span class=\"wpcf7-form-control-wrap\" data-name=\"femail\"><input size=\"40\" maxlength=\"400\" class=\"wpcf7-form-control wpcf7-email wpcf7-validates-as-required wpcf7-text wpcf7-validates-as-email\" aria-required=\"true\" aria-invalid=\"false\" placeholder=\"El teu Email\" value=\"\" type=\"email\" name=\"femail\" \/><\/span>\n<\/p>\n<p><span class=\"wpcf7-form-control-wrap\" data-name=\"ftel\"><input size=\"40\" maxlength=\"400\" class=\"wpcf7-form-control wpcf7-tel wpcf7-text wpcf7-validates-as-tel\" aria-invalid=\"false\" placeholder=\"Telephone\" value=\"\" type=\"tel\" name=\"ftel\" \/><\/span>\n<\/p>\n<p><span class=\"wpcf7-form-control-wrap\" data-name=\"fmessage\"><textarea cols=\"40\" rows=\"10\" maxlength=\"200\" class=\"wpcf7-form-control wpcf7-textarea wpcf7-validates-as-required\" aria-required=\"true\" aria-invalid=\"false\" placeholder=\"Missatge\" name=\"fmessage\"><\/textarea><\/span>\n<\/p>\n<p>Adjuntar <span class=\"wpcf7-form-control-wrap\" data-name=\"file-attached\"><input size=\"40\" class=\"wpcf7-form-control wpcf7-file\" accept=\".pdf\" aria-invalid=\"false\" type=\"file\" name=\"file-attached\" \/><\/span> - 3Mb max -\n<\/p>\n<p><span class=\"wpcf7-form-control-wrap\" data-name=\"acceptance-347\"><span class=\"wpcf7-form-control wpcf7-acceptance\"><span class=\"wpcf7-list-item\"><label><input type=\"checkbox\" name=\"acceptance-347\" value=\"1\" aria-invalid=\"false\" \/><span class=\"wpcf7-list-item-label\">Accepta: S\u00ed, he llegit i accepto la pol\u00edtica de privadesa i protecci\u00f3 de dades de Bonasport<\/span><\/label><\/span><\/span><\/span>\n<\/p>\n<p><input class=\"wpcf7-form-control wpcf7-submit has-spinner\" type=\"submit\" value=\"Send Message\" \/>\n<\/p><p style=\"display: none !important;\" class=\"akismet-fields-container\" data-prefix=\"_wpcf7_ak_\"><label>&#916;<textarea name=\"_wpcf7_ak_hp_textarea\" cols=\"45\" rows=\"8\" maxlength=\"100\"><\/textarea><\/label><input type=\"hidden\" id=\"ak_js_1\" name=\"_wpcf7_ak_js\" value=\"180\"\/><script>document.getElementById( \"ak_js_1\" ).setAttribute( \"value\", ( new Date() ).getTime() );<\/script><\/p><div class=\"wpcf7-response-output\" aria-hidden=\"true\"><\/div>\n<\/form>\n<\/div>\n<\/div>\n<\/div>\n<\/div>\n","protected":false},"excerpt":{"rendered":"<p>Club Bonasport Barcelona Tel\u00e8fon:&nbsp;93 254 15 00Fax:&nbsp;93 418 52 09E-mail:&nbsp;info@bonasport.comDirecci\u00f3:&nbsp;Vistabella 11 08022 Barcelona \u2b95 Mapa del club\u2b95 Google&nbsp;Map Vol treballar a Bonasport?Envieu-nos el vostre Curr\u00edculum Vitae&nbsp;mitjan\u00e7ant aquest formulari. \u2b95<\/p>\n","protected":false},"author":2,"featured_media":8235,"parent":0,"menu_order":99,"comment_status":"closed","ping_status":"closed","template":"p-bs.php","meta":{"_acf_changed":false,"footnotes":""},"class_list":["post-7664","page","type-page","status-publish","has-post-thumbnail","hentry"],"acf":[],"yoast_head":"<!-- This site is optimized with the Yoast SEO plugin v27.3 - https:\/\/yoast.com\/product\/yoast-seo-wordpress\/ -->\n<title>Contacte - Bonasport Club Tenis Padel Sport Barcelona<\/title>\n<meta name=\"description\" content=\"Per posar-te en contacte amb Bonasport, truca al n\u00famero de tel\u00e8fon 932541500 o envia un correu a info@bonasport.com\" \/>\n<meta name=\"robots\" content=\"index, follow, max-snippet:-1, max-image-preview:large, max-video-preview:-1\" \/>\n<link rel=\"canonical\" href=\"https:\/\/bonasport.com\/ca\/contacte\/\" \/>\n<meta property=\"og:locale\" content=\"ca_ES\" \/>\n<meta property=\"og:type\" content=\"article\" \/>\n<meta property=\"og:title\" content=\"Contacte - Bonasport Club Tenis Padel Sport Barcelona\" \/>\n<meta property=\"og:description\" content=\"Per posar-te en contacte amb Bonasport, truca al n\u00famero de tel\u00e8fon 932541500 o envia un correu a info@bonasport.com\" \/>\n<meta property=\"og:url\" content=\"https:\/\/bonasport.com\/ca\/contacte\/\" \/>\n<meta property=\"og:site_name\" content=\"Bonasport Club Tenis Padel Sport Barcelona\" \/>\n<meta property=\"article:modified_time\" content=\"2024-11-25T12:27:16+00:00\" \/>\n<meta property=\"og:image\" content=\"https:\/\/bonasport.com\/cbs24\/wp-content\/uploads\/2024\/09\/bonasport-pistas-f-l.webp\" \/>\n\t<meta property=\"og:image:width\" content=\"1366\" \/>\n\t<meta property=\"og:image:height\" content=\"768\" \/>\n\t<meta property=\"og:image:type\" content=\"image\/webp\" \/>\n<meta name=\"twitter:card\" content=\"summary_large_image\" \/>\n<meta name=\"twitter:label1\" content=\"Temps estimat de lectura\" \/>\n\t<meta name=\"twitter:data1\" content=\"1 minut\" \/>\n<script type=\"application\/ld+json\" class=\"yoast-schema-graph\">{\"@context\":\"https:\\\/\\\/schema.org\",\"@graph\":[{\"@type\":\"WebPage\",\"@id\":\"https:\\\/\\\/bonasport.com\\\/ca\\\/contacte\\\/\",\"url\":\"https:\\\/\\\/bonasport.com\\\/ca\\\/contacte\\\/\",\"name\":\"Contacte - Bonasport Club Tenis Padel Sport Barcelona\",\"isPartOf\":{\"@id\":\"https:\\\/\\\/bonasport.com\\\/ca\\\/#website\"},\"primaryImageOfPage\":{\"@id\":\"https:\\\/\\\/bonasport.com\\\/ca\\\/contacte\\\/#primaryimage\"},\"image\":{\"@id\":\"https:\\\/\\\/bonasport.com\\\/ca\\\/contacte\\\/#primaryimage\"},\"thumbnailUrl\":\"https:\\\/\\\/bonasport.com\\\/cbs24\\\/wp-content\\\/uploads\\\/2024\\\/09\\\/bonasport-pistas-f-l.webp\",\"datePublished\":\"2024-01-17T17:19:57+00:00\",\"dateModified\":\"2024-11-25T12:27:16+00:00\",\"description\":\"Per posar-te en contacte amb Bonasport, truca al n\u00famero de tel\u00e8fon 932541500 o envia un correu a info@bonasport.com\",\"breadcrumb\":{\"@id\":\"https:\\\/\\\/bonasport.com\\\/ca\\\/contacte\\\/#breadcrumb\"},\"inLanguage\":\"ca\",\"potentialAction\":[{\"@type\":\"ReadAction\",\"target\":[\"https:\\\/\\\/bonasport.com\\\/ca\\\/contacte\\\/\"]}]},{\"@type\":\"ImageObject\",\"inLanguage\":\"ca\",\"@id\":\"https:\\\/\\\/bonasport.com\\\/ca\\\/contacte\\\/#primaryimage\",\"url\":\"https:\\\/\\\/bonasport.com\\\/cbs24\\\/wp-content\\\/uploads\\\/2024\\\/09\\\/bonasport-pistas-f-l.webp\",\"contentUrl\":\"https:\\\/\\\/bonasport.com\\\/cbs24\\\/wp-content\\\/uploads\\\/2024\\\/09\\\/bonasport-pistas-f-l.webp\",\"width\":1366,\"height\":768},{\"@type\":\"BreadcrumbList\",\"@id\":\"https:\\\/\\\/bonasport.com\\\/ca\\\/contacte\\\/#breadcrumb\",\"itemListElement\":[{\"@type\":\"ListItem\",\"position\":1,\"name\":\"Home\",\"item\":\"https:\\\/\\\/bonasport.com\\\/ca\\\/\"},{\"@type\":\"ListItem\",\"position\":2,\"name\":\"Contacte\"}]},{\"@type\":\"WebSite\",\"@id\":\"https:\\\/\\\/bonasport.com\\\/ca\\\/#website\",\"url\":\"https:\\\/\\\/bonasport.com\\\/ca\\\/\",\"name\":\"Bonasport Club Tenis Padel Sport Barcelona\",\"description\":\"El Club m\u00e1s cosmopolita de Barcelona\",\"potentialAction\":[{\"@type\":\"SearchAction\",\"target\":{\"@type\":\"EntryPoint\",\"urlTemplate\":\"https:\\\/\\\/bonasport.com\\\/ca\\\/?s={search_term_string}\"},\"query-input\":{\"@type\":\"PropertyValueSpecification\",\"valueRequired\":true,\"valueName\":\"search_term_string\"}}],\"inLanguage\":\"ca\"}]}<\/script>\n<!-- \/ Yoast SEO plugin. -->","yoast_head_json":{"title":"Contacte - Bonasport Club Tenis Padel Sport Barcelona","description":"Per posar-te en contacte amb Bonasport, truca al n\u00famero de tel\u00e8fon 932541500 o envia un correu a info@bonasport.com","robots":{"index":"index","follow":"follow","max-snippet":"max-snippet:-1","max-image-preview":"max-image-preview:large","max-video-preview":"max-video-preview:-1"},"canonical":"https:\/\/bonasport.com\/ca\/contacte\/","og_locale":"ca_ES","og_type":"article","og_title":"Contacte - Bonasport Club Tenis Padel Sport Barcelona","og_description":"Per posar-te en contacte amb Bonasport, truca al n\u00famero de tel\u00e8fon 932541500 o envia un correu a info@bonasport.com","og_url":"https:\/\/bonasport.com\/ca\/contacte\/","og_site_name":"Bonasport Club Tenis Padel Sport Barcelona","article_modified_time":"2024-11-25T12:27:16+00:00","og_image":[{"width":1366,"height":768,"url":"https:\/\/bonasport.com\/cbs24\/wp-content\/uploads\/2024\/09\/bonasport-pistas-f-l.webp","type":"image\/webp"}],"twitter_card":"summary_large_image","twitter_misc":{"Temps estimat de lectura":"1 minut"},"schema":{"@context":"https:\/\/schema.org","@graph":[{"@type":"WebPage","@id":"https:\/\/bonasport.com\/ca\/contacte\/","url":"https:\/\/bonasport.com\/ca\/contacte\/","name":"Contacte - Bonasport Club Tenis Padel Sport Barcelona","isPartOf":{"@id":"https:\/\/bonasport.com\/ca\/#website"},"primaryImageOfPage":{"@id":"https:\/\/bonasport.com\/ca\/contacte\/#primaryimage"},"image":{"@id":"https:\/\/bonasport.com\/ca\/contacte\/#primaryimage"},"thumbnailUrl":"https:\/\/bonasport.com\/cbs24\/wp-content\/uploads\/2024\/09\/bonasport-pistas-f-l.webp","datePublished":"2024-01-17T17:19:57+00:00","dateModified":"2024-11-25T12:27:16+00:00","description":"Per posar-te en contacte amb Bonasport, truca al n\u00famero de tel\u00e8fon 932541500 o envia un correu a info@bonasport.com","breadcrumb":{"@id":"https:\/\/bonasport.com\/ca\/contacte\/#breadcrumb"},"inLanguage":"ca","potentialAction":[{"@type":"ReadAction","target":["https:\/\/bonasport.com\/ca\/contacte\/"]}]},{"@type":"ImageObject","inLanguage":"ca","@id":"https:\/\/bonasport.com\/ca\/contacte\/#primaryimage","url":"https:\/\/bonasport.com\/cbs24\/wp-content\/uploads\/2024\/09\/bonasport-pistas-f-l.webp","contentUrl":"https:\/\/bonasport.com\/cbs24\/wp-content\/uploads\/2024\/09\/bonasport-pistas-f-l.webp","width":1366,"height":768},{"@type":"BreadcrumbList","@id":"https:\/\/bonasport.com\/ca\/contacte\/#breadcrumb","itemListElement":[{"@type":"ListItem","position":1,"name":"Home","item":"https:\/\/bonasport.com\/ca\/"},{"@type":"ListItem","position":2,"name":"Contacte"}]},{"@type":"WebSite","@id":"https:\/\/bonasport.com\/ca\/#website","url":"https:\/\/bonasport.com\/ca\/","name":"Bonasport Club Tenis Padel Sport Barcelona","description":"El Club m\u00e1s cosmopolita de Barcelona","potentialAction":[{"@type":"SearchAction","target":{"@type":"EntryPoint","urlTemplate":"https:\/\/bonasport.com\/ca\/?s={search_term_string}"},"query-input":{"@type":"PropertyValueSpecification","valueRequired":true,"valueName":"search_term_string"}}],"inLanguage":"ca"}]}},"_links":{"self":[{"href":"https:\/\/bonasport.com\/ca\/wp-json\/wp\/v2\/pages\/7664","targetHints":{"allow":["GET"]}}],"collection":[{"href":"https:\/\/bonasport.com\/ca\/wp-json\/wp\/v2\/pages"}],"about":[{"href":"https:\/\/bonasport.com\/ca\/wp-json\/wp\/v2\/types\/page"}],"author":[{"embeddable":true,"href":"https:\/\/bonasport.com\/ca\/wp-json\/wp\/v2\/users\/2"}],"replies":[{"embeddable":true,"href":"https:\/\/bonasport.com\/ca\/wp-json\/wp\/v2\/comments?post=7664"}],"version-history":[{"count":0,"href":"https:\/\/bonasport.com\/ca\/wp-json\/wp\/v2\/pages\/7664\/revisions"}],"wp:featuredmedia":[{"embeddable":true,"href":"https:\/\/bonasport.com\/ca\/wp-json\/wp\/v2\/media\/8235"}],"wp:attachment":[{"href":"https:\/\/bonasport.com\/ca\/wp-json\/wp\/v2\/media?parent=7664"}],"curies":[{"name":"wp","href":"https:\/\/api.w.org\/{rel}","templated":true}]}}