{"id":7670,"date":"2024-03-21T17:11:31","date_gmt":"2024-03-21T16:11:31","guid":{"rendered":"https:\/\/bonasport.com\/cbs24\/mapa-instalaciones\/"},"modified":"2024-11-20T17:42:25","modified_gmt":"2024-11-20T16:42:25","slug":"mapa-instalaciones","status":"publish","type":"page","link":"https:\/\/bonasport.com\/ca\/mapa-instalaciones\/","title":{"rendered":"Mapa Instal\u00b7lacions"},"content":{"rendered":"\n<div class=\"wp-block-group\"><div class=\"wp-block-group__inner-container is-layout-constrained wp-block-group-is-layout-constrained\">\n<div class=\"wp-block-columns are-vertically-aligned-center is-layout-flex wp-container-core-columns-is-layout-9d6595d7 wp-block-columns-is-layout-flex\" id=\"map-cols\">\n<div class=\"wp-block-column is-vertically-aligned-center is-layout-flow wp-block-column-is-layout-flow\">\n<ul id=\"map-inst-list\">\n <li><span>1<\/span> Parking<\/li>\n <li><span>2<\/span> Recepci\u00f3 i botiga<\/li>\n <li><span>3<\/span> Zona Social<\/li>\n <li><span>4<\/span> Bar i Restaurant<\/li>\n <li><span>5<\/span> Parc infantil<\/li>\n <li><span>6<\/span> Boxes bicis<\/li>\n <li><span>7<\/span> Pista poliesportiva<\/li>\n <li><span>8<\/span> Ludoteca<\/li>\n <li><span>9<\/span> 2 piscines exteriors<\/li>\n <li><span>10<\/span> Piscina indoor<\/li>\n <li><span>11<\/span> 7 pistes de Tennis<\/li>\n <li><span>12<\/span> 9 pistes de P\u00e0del<\/li>\n <li><span>13<\/span> 3 pistes de Squash i Racquetball<\/li>\n <li><span>14<\/span> Sala Premium<\/li>\n <li><span>15<\/span> Sol\u00e0rium mascul\u00ed<\/li>\n <li><span>16<\/span> Sol\u00e0rium femen\u00ed<\/li>\n <li><span>17<\/span> Servei m\u00e8dic<\/li>\n <li><span>18<\/span> Estudi Pilates<\/li>\n <li><span>19<\/span> Sala de Fitness<\/li>\n <li><span>20<\/span> Sala de Spinning<\/li>\n <li><span>21<\/span> 4 sales d&#8217;activitats dirigides<\/li>\n <li><span>22<\/span> Beauty Space i Perruqueria<\/li>\n<\/ul>\n<\/div>\n\n\n\n<div class=\"wp-block-column is-vertically-aligned-center is-layout-flow wp-block-column-is-layout-flow\"><div class=\"wp-block-image is-style-default\">\n<figure class=\"aligncenter size-full\"><img loading=\"lazy\" decoding=\"async\" width=\"900\" height=\"1200\" src=\"https:\/\/bonasport.com\/cbs24\/wp-content\/uploads\/2024\/08\/map-instal-900x1200-1.jpg\" alt=\"\" class=\"wp-image-7900\" srcset=\"https:\/\/bonasport.com\/cbs24\/wp-content\/uploads\/2024\/08\/map-instal-900x1200-1.jpg 900w, https:\/\/bonasport.com\/cbs24\/wp-content\/uploads\/2024\/08\/map-instal-900x1200-1-300x400.jpg 300w, https:\/\/bonasport.com\/cbs24\/wp-content\/uploads\/2024\/08\/map-instal-900x1200-1-768x1024.jpg 768w\" sizes=\"auto, (max-width: 900px) 100vw, 900px\" \/><\/figure>\n<\/div><\/div>\n<\/div>\n<\/div><\/div>\n","protected":false},"excerpt":{"rendered":"<p>1 Parking 2 Recepci\u00f3 i botiga 3 Zona Social 4 Bar i Restaurant 5 Parc infantil 6 Boxes bicis 7 Pista poliesportiva 8 Ludoteca 9 2 piscines exteriors 10 Piscina indoor 11 7 pistes de Tennis 12 9 pistes de P\u00e0del 13 3 pistes de Squash i Racquetball 14 Sala Premium 15 Sol\u00e0rium mascul\u00ed 16 [&hellip;]<\/p>\n","protected":false},"author":1,"featured_media":0,"parent":0,"menu_order":99,"comment_status":"closed","ping_status":"closed","template":"","meta":{"_acf_changed":false,"footnotes":""},"class_list":["post-7670","page","type-page","status-publish","hentry"],"acf":[],"yoast_head":"<!-- This site is optimized with the Yoast SEO plugin v27.4 - https:\/\/yoast.com\/product\/yoast-seo-wordpress\/ -->\n<title>Mapa Instalaciones - Bonasport Club Tenis Padel Sport Barcelona<\/title>\n<meta name=\"robots\" content=\"index, follow, max-snippet:-1, max-image-preview:large, max-video-preview:-1\" \/>\n<link rel=\"canonical\" href=\"https:\/\/bonasport.com\/ca\/mapa-instalaciones\/\" \/>\n<meta property=\"og:locale\" content=\"ca_ES\" \/>\n<meta property=\"og:type\" content=\"article\" \/>\n<meta property=\"og:title\" content=\"Mapa Instalaciones - Bonasport Club Tenis Padel Sport Barcelona\" \/>\n<meta property=\"og:description\" content=\"1 Parking 2 Recepci\u00f3 i botiga 3 Zona Social 4 Bar i Restaurant 5 Parc infantil 6 Boxes bicis 7 Pista poliesportiva 8 Ludoteca 9 2 piscines exteriors 10 Piscina indoor 11 7 pistes de Tennis 12 9 pistes de P\u00e0del 13 3 pistes de Squash i Racquetball 14 Sala Premium 15 Sol\u00e0rium mascul\u00ed 16 [&hellip;]\" \/>\n<meta property=\"og:url\" content=\"https:\/\/bonasport.com\/ca\/mapa-instalaciones\/\" \/>\n<meta property=\"og:site_name\" content=\"Bonasport Club Tenis Padel Sport Barcelona\" \/>\n<meta property=\"article:modified_time\" content=\"2024-11-20T16:42:25+00:00\" \/>\n<meta property=\"og:image\" content=\"https:\/\/bonasport.com\/cbs24\/wp-content\/uploads\/2024\/08\/map-instal-900x1200-1.jpg\" \/>\n<meta name=\"twitter:card\" content=\"summary_large_image\" \/>\n<meta name=\"twitter:label1\" content=\"Temps estimat de lectura\" \/>\n\t<meta name=\"twitter:data1\" content=\"1 minut\" \/>\n<script type=\"application\/ld+json\" class=\"yoast-schema-graph\">{\"@context\":\"https:\\\/\\\/schema.org\",\"@graph\":[{\"@type\":\"WebPage\",\"@id\":\"https:\\\/\\\/bonasport.com\\\/ca\\\/mapa-instalaciones\\\/\",\"url\":\"https:\\\/\\\/bonasport.com\\\/ca\\\/mapa-instalaciones\\\/\",\"name\":\"Mapa Instalaciones - Bonasport Club Tenis Padel Sport Barcelona\",\"isPartOf\":{\"@id\":\"https:\\\/\\\/bonasport.com\\\/ca\\\/#website\"},\"primaryImageOfPage\":{\"@id\":\"https:\\\/\\\/bonasport.com\\\/ca\\\/mapa-instalaciones\\\/#primaryimage\"},\"image\":{\"@id\":\"https:\\\/\\\/bonasport.com\\\/ca\\\/mapa-instalaciones\\\/#primaryimage\"},\"thumbnailUrl\":\"https:\\\/\\\/bonasport.com\\\/cbs24\\\/wp-content\\\/uploads\\\/2024\\\/08\\\/map-instal-900x1200-1.jpg\",\"datePublished\":\"2024-03-21T16:11:31+00:00\",\"dateModified\":\"2024-11-20T16:42:25+00:00\",\"breadcrumb\":{\"@id\":\"https:\\\/\\\/bonasport.com\\\/ca\\\/mapa-instalaciones\\\/#breadcrumb\"},\"inLanguage\":\"ca\",\"potentialAction\":[{\"@type\":\"ReadAction\",\"target\":[\"https:\\\/\\\/bonasport.com\\\/ca\\\/mapa-instalaciones\\\/\"]}]},{\"@type\":\"ImageObject\",\"inLanguage\":\"ca\",\"@id\":\"https:\\\/\\\/bonasport.com\\\/ca\\\/mapa-instalaciones\\\/#primaryimage\",\"url\":\"https:\\\/\\\/bonasport.com\\\/cbs24\\\/wp-content\\\/uploads\\\/2024\\\/08\\\/map-instal-900x1200-1.jpg\",\"contentUrl\":\"https:\\\/\\\/bonasport.com\\\/cbs24\\\/wp-content\\\/uploads\\\/2024\\\/08\\\/map-instal-900x1200-1.jpg\"},{\"@type\":\"BreadcrumbList\",\"@id\":\"https:\\\/\\\/bonasport.com\\\/ca\\\/mapa-instalaciones\\\/#breadcrumb\",\"itemListElement\":[{\"@type\":\"ListItem\",\"position\":1,\"name\":\"Home\",\"item\":\"https:\\\/\\\/bonasport.com\\\/ca\\\/\"},{\"@type\":\"ListItem\",\"position\":2,\"name\":\"Mapa Instal\u00b7lacions\"}]},{\"@type\":\"WebSite\",\"@id\":\"https:\\\/\\\/bonasport.com\\\/ca\\\/#website\",\"url\":\"https:\\\/\\\/bonasport.com\\\/ca\\\/\",\"name\":\"Bonasport Club Tenis Padel Sport Barcelona\",\"description\":\"El Club m\u00e1s cosmopolita de Barcelona\",\"potentialAction\":[{\"@type\":\"SearchAction\",\"target\":{\"@type\":\"EntryPoint\",\"urlTemplate\":\"https:\\\/\\\/bonasport.com\\\/ca\\\/?s={search_term_string}\"},\"query-input\":{\"@type\":\"PropertyValueSpecification\",\"valueRequired\":true,\"valueName\":\"search_term_string\"}}],\"inLanguage\":\"ca\"}]}<\/script>\n<!-- \/ Yoast SEO plugin. -->","yoast_head_json":{"title":"Mapa Instalaciones - Bonasport Club Tenis Padel Sport Barcelona","robots":{"index":"index","follow":"follow","max-snippet":"max-snippet:-1","max-image-preview":"max-image-preview:large","max-video-preview":"max-video-preview:-1"},"canonical":"https:\/\/bonasport.com\/ca\/mapa-instalaciones\/","og_locale":"ca_ES","og_type":"article","og_title":"Mapa Instalaciones - Bonasport Club Tenis Padel Sport Barcelona","og_description":"1 Parking 2 Recepci\u00f3 i botiga 3 Zona Social 4 Bar i Restaurant 5 Parc infantil 6 Boxes bicis 7 Pista poliesportiva 8 Ludoteca 9 2 piscines exteriors 10 Piscina indoor 11 7 pistes de Tennis 12 9 pistes de P\u00e0del 13 3 pistes de Squash i Racquetball 14 Sala Premium 15 Sol\u00e0rium mascul\u00ed 16 [&hellip;]","og_url":"https:\/\/bonasport.com\/ca\/mapa-instalaciones\/","og_site_name":"Bonasport Club Tenis Padel Sport Barcelona","article_modified_time":"2024-11-20T16:42:25+00:00","og_image":[{"url":"https:\/\/bonasport.com\/cbs24\/wp-content\/uploads\/2024\/08\/map-instal-900x1200-1.jpg","type":"","width":"","height":""}],"twitter_card":"summary_large_image","twitter_misc":{"Temps estimat de lectura":"1 minut"},"schema":{"@context":"https:\/\/schema.org","@graph":[{"@type":"WebPage","@id":"https:\/\/bonasport.com\/ca\/mapa-instalaciones\/","url":"https:\/\/bonasport.com\/ca\/mapa-instalaciones\/","name":"Mapa Instalaciones - Bonasport Club Tenis Padel Sport Barcelona","isPartOf":{"@id":"https:\/\/bonasport.com\/ca\/#website"},"primaryImageOfPage":{"@id":"https:\/\/bonasport.com\/ca\/mapa-instalaciones\/#primaryimage"},"image":{"@id":"https:\/\/bonasport.com\/ca\/mapa-instalaciones\/#primaryimage"},"thumbnailUrl":"https:\/\/bonasport.com\/cbs24\/wp-content\/uploads\/2024\/08\/map-instal-900x1200-1.jpg","datePublished":"2024-03-21T16:11:31+00:00","dateModified":"2024-11-20T16:42:25+00:00","breadcrumb":{"@id":"https:\/\/bonasport.com\/ca\/mapa-instalaciones\/#breadcrumb"},"inLanguage":"ca","potentialAction":[{"@type":"ReadAction","target":["https:\/\/bonasport.com\/ca\/mapa-instalaciones\/"]}]},{"@type":"ImageObject","inLanguage":"ca","@id":"https:\/\/bonasport.com\/ca\/mapa-instalaciones\/#primaryimage","url":"https:\/\/bonasport.com\/cbs24\/wp-content\/uploads\/2024\/08\/map-instal-900x1200-1.jpg","contentUrl":"https:\/\/bonasport.com\/cbs24\/wp-content\/uploads\/2024\/08\/map-instal-900x1200-1.jpg"},{"@type":"BreadcrumbList","@id":"https:\/\/bonasport.com\/ca\/mapa-instalaciones\/#breadcrumb","itemListElement":[{"@type":"ListItem","position":1,"name":"Home","item":"https:\/\/bonasport.com\/ca\/"},{"@type":"ListItem","position":2,"name":"Mapa Instal\u00b7lacions"}]},{"@type":"WebSite","@id":"https:\/\/bonasport.com\/ca\/#website","url":"https:\/\/bonasport.com\/ca\/","name":"Bonasport Club Tenis Padel Sport Barcelona","description":"El Club m\u00e1s cosmopolita de Barcelona","potentialAction":[{"@type":"SearchAction","target":{"@type":"EntryPoint","urlTemplate":"https:\/\/bonasport.com\/ca\/?s={search_term_string}"},"query-input":{"@type":"PropertyValueSpecification","valueRequired":true,"valueName":"search_term_string"}}],"inLanguage":"ca"}]}},"_links":{"self":[{"href":"https:\/\/bonasport.com\/ca\/wp-json\/wp\/v2\/pages\/7670","targetHints":{"allow":["GET"]}}],"collection":[{"href":"https:\/\/bonasport.com\/ca\/wp-json\/wp\/v2\/pages"}],"about":[{"href":"https:\/\/bonasport.com\/ca\/wp-json\/wp\/v2\/types\/page"}],"author":[{"embeddable":true,"href":"https:\/\/bonasport.com\/ca\/wp-json\/wp\/v2\/users\/1"}],"replies":[{"embeddable":true,"href":"https:\/\/bonasport.com\/ca\/wp-json\/wp\/v2\/comments?post=7670"}],"version-history":[{"count":0,"href":"https:\/\/bonasport.com\/ca\/wp-json\/wp\/v2\/pages\/7670\/revisions"}],"wp:attachment":[{"href":"https:\/\/bonasport.com\/ca\/wp-json\/wp\/v2\/media?parent=7670"}],"curies":[{"name":"wp","href":"https:\/\/api.w.org\/{rel}","templated":true}]}}