{"id":7697,"date":"2024-03-20T16:21:41","date_gmt":"2024-03-20T15:21:41","guid":{"rendered":"https:\/\/bonasport.com\/cbs24\/instal%c2%b7lacions\/ludoteca\/"},"modified":"2024-11-24T17:39:45","modified_gmt":"2024-11-24T16:39:45","slug":"ludoteca","status":"publish","type":"page","link":"https:\/\/bonasport.com\/ca\/instal%c2%b7lacions\/ludoteca\/","title":{"rendered":"Ludoteca"},"content":{"rendered":"<p><span data-sheets-root=\"1\" data-sheets-value=\"{&quot;1&quot;:2,&quot;2&quot;:&quot;Un espacio dise\u00f1ado para que los m\u00e1s peque\u00f1os de la casa disfruten del juego mientras sus pap\u00e1s realizan deporte. Adem\u00e1s de juguetes, puzzles y materiales para el desarrollo de las habilidades motoras y creativas, en este espacio se ofrecen actividades como musicoterapia, guitarra o refuerzo escolar, entre otras. Para ni\u00f1os hasta 7 a\u00f1os. &quot;}\" data-sheets-userformat=\"{&quot;2&quot;:961,&quot;3&quot;:{&quot;1&quot;:0},&quot;9&quot;:0,&quot;10&quot;:0,&quot;11&quot;:4,&quot;12&quot;:0}\">Un espacio dise\u00f1ado para que los m\u00e1s peque\u00f1os de la casa disfruten del juego mientras sus pap\u00e1s realizan deporte. Adem\u00e1s de juguetes, puzzles y materiales para el desarrollo de las habilidades motoras y creativas, en este espacio se ofrecen actividades como musicoterapia, guitarra o refuerzo escolar, entre otras. Para ni\u00f1os hasta 7 a\u00f1os. <\/span><\/p>\n","protected":false},"excerpt":{"rendered":"<p>Un espacio dise\u00f1ado para que los m\u00e1s peque\u00f1os de la casa disfruten del juego mientras sus pap\u00e1s realizan deporte. Adem\u00e1s de juguetes, puzzles y materiales para el desarrollo de las habilidades motoras y creativas, en este espacio se ofrecen actividades como musicoterapia, guitarra o refuerzo escolar, entre otras. Para ni\u00f1os hasta 7 a\u00f1os.<\/p>\n","protected":false},"author":1,"featured_media":0,"parent":7652,"menu_order":10,"comment_status":"closed","ping_status":"closed","template":"p-inst.php","meta":{"_acf_changed":false,"footnotes":""},"class_list":["post-7697","page","type-page","status-publish","hentry"],"acf":[],"yoast_head":"<!-- This site is optimized with the Yoast SEO plugin v27.3 - https:\/\/yoast.com\/product\/yoast-seo-wordpress\/ -->\n<title>Ludoteca - Bonasport Club Tenis Padel Sport Barcelona<\/title>\n<meta name=\"description\" content=\"Un espai d\u00b4esbarjo i manualitats per a nens fins a set anys on tamb\u00e9 s\u00b4ofereixen tallers i activitats l\u00fadiques.\" \/>\n<meta name=\"robots\" content=\"index, follow, max-snippet:-1, max-image-preview:large, max-video-preview:-1\" \/>\n<link rel=\"canonical\" href=\"https:\/\/bonasport.com\/ca\/instal%c2%b7lacions\/ludoteca\/\" \/>\n<meta property=\"og:locale\" content=\"ca_ES\" \/>\n<meta property=\"og:type\" content=\"article\" \/>\n<meta property=\"og:title\" content=\"Ludoteca - Bonasport Club Tenis Padel Sport Barcelona\" \/>\n<meta property=\"og:description\" content=\"Un espai d\u00b4esbarjo i manualitats per a nens fins a set anys on tamb\u00e9 s\u00b4ofereixen tallers i activitats l\u00fadiques.\" \/>\n<meta property=\"og:url\" content=\"https:\/\/bonasport.com\/ca\/instal%c2%b7lacions\/ludoteca\/\" \/>\n<meta property=\"og:site_name\" content=\"Bonasport Club Tenis Padel Sport Barcelona\" \/>\n<meta property=\"article:modified_time\" content=\"2024-11-24T16:39:45+00:00\" \/>\n<meta name=\"twitter:card\" content=\"summary_large_image\" \/>\n<meta name=\"twitter:label1\" content=\"Temps estimat de lectura\" \/>\n\t<meta name=\"twitter:data1\" content=\"1 minut\" \/>\n<script type=\"application\/ld+json\" class=\"yoast-schema-graph\">{\"@context\":\"https:\\\/\\\/schema.org\",\"@graph\":[{\"@type\":\"WebPage\",\"@id\":\"https:\\\/\\\/bonasport.com\\\/ca\\\/instal%c2%b7lacions\\\/ludoteca\\\/\",\"url\":\"https:\\\/\\\/bonasport.com\\\/ca\\\/instal%c2%b7lacions\\\/ludoteca\\\/\",\"name\":\"Ludoteca - Bonasport Club Tenis Padel Sport Barcelona\",\"isPartOf\":{\"@id\":\"https:\\\/\\\/bonasport.com\\\/ca\\\/#website\"},\"datePublished\":\"2024-03-20T15:21:41+00:00\",\"dateModified\":\"2024-11-24T16:39:45+00:00\",\"description\":\"Un espai d\u00b4esbarjo i manualitats per a nens fins a set anys on tamb\u00e9 s\u00b4ofereixen tallers i activitats l\u00fadiques.\",\"breadcrumb\":{\"@id\":\"https:\\\/\\\/bonasport.com\\\/ca\\\/instal%c2%b7lacions\\\/ludoteca\\\/#breadcrumb\"},\"inLanguage\":\"ca\",\"potentialAction\":[{\"@type\":\"ReadAction\",\"target\":[\"https:\\\/\\\/bonasport.com\\\/ca\\\/instal%c2%b7lacions\\\/ludoteca\\\/\"]}]},{\"@type\":\"BreadcrumbList\",\"@id\":\"https:\\\/\\\/bonasport.com\\\/ca\\\/instal%c2%b7lacions\\\/ludoteca\\\/#breadcrumb\",\"itemListElement\":[{\"@type\":\"ListItem\",\"position\":1,\"name\":\"Home\",\"item\":\"https:\\\/\\\/bonasport.com\\\/ca\\\/\"},{\"@type\":\"ListItem\",\"position\":2,\"name\":\"Instal\u00b7lacions\",\"item\":\"https:\\\/\\\/bonasport.com\\\/ca\\\/instal%c2%b7lacions\\\/\"},{\"@type\":\"ListItem\",\"position\":3,\"name\":\"Ludoteca\"}]},{\"@type\":\"WebSite\",\"@id\":\"https:\\\/\\\/bonasport.com\\\/ca\\\/#website\",\"url\":\"https:\\\/\\\/bonasport.com\\\/ca\\\/\",\"name\":\"Bonasport Club Tenis Padel Sport Barcelona\",\"description\":\"El Club m\u00e1s cosmopolita de Barcelona\",\"potentialAction\":[{\"@type\":\"SearchAction\",\"target\":{\"@type\":\"EntryPoint\",\"urlTemplate\":\"https:\\\/\\\/bonasport.com\\\/ca\\\/?s={search_term_string}\"},\"query-input\":{\"@type\":\"PropertyValueSpecification\",\"valueRequired\":true,\"valueName\":\"search_term_string\"}}],\"inLanguage\":\"ca\"}]}<\/script>\n<!-- \/ Yoast SEO plugin. -->","yoast_head_json":{"title":"Ludoteca - Bonasport Club Tenis Padel Sport Barcelona","description":"Un espai d\u00b4esbarjo i manualitats per a nens fins a set anys on tamb\u00e9 s\u00b4ofereixen tallers i activitats l\u00fadiques.","robots":{"index":"index","follow":"follow","max-snippet":"max-snippet:-1","max-image-preview":"max-image-preview:large","max-video-preview":"max-video-preview:-1"},"canonical":"https:\/\/bonasport.com\/ca\/instal%c2%b7lacions\/ludoteca\/","og_locale":"ca_ES","og_type":"article","og_title":"Ludoteca - Bonasport Club Tenis Padel Sport Barcelona","og_description":"Un espai d\u00b4esbarjo i manualitats per a nens fins a set anys on tamb\u00e9 s\u00b4ofereixen tallers i activitats l\u00fadiques.","og_url":"https:\/\/bonasport.com\/ca\/instal%c2%b7lacions\/ludoteca\/","og_site_name":"Bonasport Club Tenis Padel Sport Barcelona","article_modified_time":"2024-11-24T16:39:45+00:00","twitter_card":"summary_large_image","twitter_misc":{"Temps estimat de lectura":"1 minut"},"schema":{"@context":"https:\/\/schema.org","@graph":[{"@type":"WebPage","@id":"https:\/\/bonasport.com\/ca\/instal%c2%b7lacions\/ludoteca\/","url":"https:\/\/bonasport.com\/ca\/instal%c2%b7lacions\/ludoteca\/","name":"Ludoteca - Bonasport Club Tenis Padel Sport Barcelona","isPartOf":{"@id":"https:\/\/bonasport.com\/ca\/#website"},"datePublished":"2024-03-20T15:21:41+00:00","dateModified":"2024-11-24T16:39:45+00:00","description":"Un espai d\u00b4esbarjo i manualitats per a nens fins a set anys on tamb\u00e9 s\u00b4ofereixen tallers i activitats l\u00fadiques.","breadcrumb":{"@id":"https:\/\/bonasport.com\/ca\/instal%c2%b7lacions\/ludoteca\/#breadcrumb"},"inLanguage":"ca","potentialAction":[{"@type":"ReadAction","target":["https:\/\/bonasport.com\/ca\/instal%c2%b7lacions\/ludoteca\/"]}]},{"@type":"BreadcrumbList","@id":"https:\/\/bonasport.com\/ca\/instal%c2%b7lacions\/ludoteca\/#breadcrumb","itemListElement":[{"@type":"ListItem","position":1,"name":"Home","item":"https:\/\/bonasport.com\/ca\/"},{"@type":"ListItem","position":2,"name":"Instal\u00b7lacions","item":"https:\/\/bonasport.com\/ca\/instal%c2%b7lacions\/"},{"@type":"ListItem","position":3,"name":"Ludoteca"}]},{"@type":"WebSite","@id":"https:\/\/bonasport.com\/ca\/#website","url":"https:\/\/bonasport.com\/ca\/","name":"Bonasport Club Tenis Padel Sport Barcelona","description":"El Club m\u00e1s cosmopolita de Barcelona","potentialAction":[{"@type":"SearchAction","target":{"@type":"EntryPoint","urlTemplate":"https:\/\/bonasport.com\/ca\/?s={search_term_string}"},"query-input":{"@type":"PropertyValueSpecification","valueRequired":true,"valueName":"search_term_string"}}],"inLanguage":"ca"}]}},"_links":{"self":[{"href":"https:\/\/bonasport.com\/ca\/wp-json\/wp\/v2\/pages\/7697","targetHints":{"allow":["GET"]}}],"collection":[{"href":"https:\/\/bonasport.com\/ca\/wp-json\/wp\/v2\/pages"}],"about":[{"href":"https:\/\/bonasport.com\/ca\/wp-json\/wp\/v2\/types\/page"}],"author":[{"embeddable":true,"href":"https:\/\/bonasport.com\/ca\/wp-json\/wp\/v2\/users\/1"}],"replies":[{"embeddable":true,"href":"https:\/\/bonasport.com\/ca\/wp-json\/wp\/v2\/comments?post=7697"}],"version-history":[{"count":0,"href":"https:\/\/bonasport.com\/ca\/wp-json\/wp\/v2\/pages\/7697\/revisions"}],"up":[{"embeddable":true,"href":"https:\/\/bonasport.com\/ca\/wp-json\/wp\/v2\/pages\/7652"}],"wp:attachment":[{"href":"https:\/\/bonasport.com\/ca\/wp-json\/wp\/v2\/media?parent=7697"}],"curies":[{"name":"wp","href":"https:\/\/api.w.org\/{rel}","templated":true}]}}