{"id":7734,"date":"2024-01-17T22:22:10","date_gmt":"2024-01-17T21:22:10","guid":{"rendered":"https:\/\/bonasport.com\/cbs24\/esports\/raqueta\/"},"modified":"2025-10-23T12:27:49","modified_gmt":"2025-10-23T10:27:49","slug":"raqueta","status":"publish","type":"page","link":"https:\/\/bonasport.com\/ca\/esports\/raqueta\/","title":{"rendered":"Raqueta"},"content":{"rendered":"","protected":false},"excerpt":{"rendered":"","protected":false},"author":2,"featured_media":0,"parent":7653,"menu_order":1,"comment_status":"closed","ping_status":"closed","template":"p-serveis.php","meta":{"_acf_changed":false,"footnotes":""},"class_list":["post-7734","page","type-page","status-publish","hentry"],"acf":[],"yoast_head":"<!-- This site is optimized with the Yoast SEO plugin v27.3 - https:\/\/yoast.com\/product\/yoast-seo-wordpress\/ -->\n<title>Esports de raqueta - Bonasport Club Tenis Padel Sport Barcelona<\/title>\n<meta name=\"description\" content=\"L\u00edder en esports de raqueta, les escoles de tennis, p\u00e0del, esquaix, pickleball i tennis de taula de Bonasport ofereixen f\u00f3rmules flexibles per a nens i adults.\" \/>\n<meta name=\"robots\" content=\"index, follow, max-snippet:-1, max-image-preview:large, max-video-preview:-1\" \/>\n<link rel=\"canonical\" href=\"https:\/\/bonasport.com\/ca\/esports\/raqueta\/\" \/>\n<meta property=\"og:locale\" content=\"ca_ES\" \/>\n<meta property=\"og:type\" content=\"article\" \/>\n<meta property=\"og:title\" content=\"Esports de raqueta - Bonasport Club Tenis Padel Sport Barcelona\" \/>\n<meta property=\"og:description\" content=\"L\u00edder en esports de raqueta, les escoles de tennis, p\u00e0del, esquaix, pickleball i tennis de taula de Bonasport ofereixen f\u00f3rmules flexibles per a nens i adults.\" \/>\n<meta property=\"og:url\" content=\"https:\/\/bonasport.com\/ca\/esports\/raqueta\/\" \/>\n<meta property=\"og:site_name\" content=\"Bonasport Club Tenis Padel Sport Barcelona\" \/>\n<meta property=\"article:modified_time\" content=\"2025-10-23T10:27:49+00:00\" \/>\n<meta name=\"twitter:card\" content=\"summary_large_image\" \/>\n<meta name=\"twitter:label1\" content=\"Temps estimat de lectura\" \/>\n\t<meta name=\"twitter:data1\" content=\"1 minut\" \/>\n<script type=\"application\/ld+json\" class=\"yoast-schema-graph\">{\"@context\":\"https:\\\/\\\/schema.org\",\"@graph\":[{\"@type\":\"WebPage\",\"@id\":\"https:\\\/\\\/bonasport.com\\\/ca\\\/esports\\\/raqueta\\\/\",\"url\":\"https:\\\/\\\/bonasport.com\\\/ca\\\/esports\\\/raqueta\\\/\",\"name\":\"Esports de raqueta - Bonasport Club Tenis Padel Sport Barcelona\",\"isPartOf\":{\"@id\":\"https:\\\/\\\/bonasport.com\\\/ca\\\/#website\"},\"datePublished\":\"2024-01-17T21:22:10+00:00\",\"dateModified\":\"2025-10-23T10:27:49+00:00\",\"description\":\"L\u00edder en esports de raqueta, les escoles de tennis, p\u00e0del, esquaix, pickleball i tennis de taula de Bonasport ofereixen f\u00f3rmules flexibles per a nens i adults.\",\"breadcrumb\":{\"@id\":\"https:\\\/\\\/bonasport.com\\\/ca\\\/esports\\\/raqueta\\\/#breadcrumb\"},\"inLanguage\":\"ca\",\"potentialAction\":[{\"@type\":\"ReadAction\",\"target\":[\"https:\\\/\\\/bonasport.com\\\/ca\\\/esports\\\/raqueta\\\/\"]}]},{\"@type\":\"BreadcrumbList\",\"@id\":\"https:\\\/\\\/bonasport.com\\\/ca\\\/esports\\\/raqueta\\\/#breadcrumb\",\"itemListElement\":[{\"@type\":\"ListItem\",\"position\":1,\"name\":\"Home\",\"item\":\"https:\\\/\\\/bonasport.com\\\/ca\\\/\"},{\"@type\":\"ListItem\",\"position\":2,\"name\":\"Esports\",\"item\":\"https:\\\/\\\/bonasport.com\\\/ca\\\/deportes\\\/\"},{\"@type\":\"ListItem\",\"position\":3,\"name\":\"Raqueta\"}]},{\"@type\":\"WebSite\",\"@id\":\"https:\\\/\\\/bonasport.com\\\/ca\\\/#website\",\"url\":\"https:\\\/\\\/bonasport.com\\\/ca\\\/\",\"name\":\"Bonasport Club Tenis Padel Sport Barcelona\",\"description\":\"El Club m\u00e1s cosmopolita de Barcelona\",\"potentialAction\":[{\"@type\":\"SearchAction\",\"target\":{\"@type\":\"EntryPoint\",\"urlTemplate\":\"https:\\\/\\\/bonasport.com\\\/ca\\\/?s={search_term_string}\"},\"query-input\":{\"@type\":\"PropertyValueSpecification\",\"valueRequired\":true,\"valueName\":\"search_term_string\"}}],\"inLanguage\":\"ca\"}]}<\/script>\n<!-- \/ Yoast SEO plugin. -->","yoast_head_json":{"title":"Esports de raqueta - Bonasport Club Tenis Padel Sport Barcelona","description":"L\u00edder en esports de raqueta, les escoles de tennis, p\u00e0del, esquaix, pickleball i tennis de taula de Bonasport ofereixen f\u00f3rmules flexibles per a nens i adults.","robots":{"index":"index","follow":"follow","max-snippet":"max-snippet:-1","max-image-preview":"max-image-preview:large","max-video-preview":"max-video-preview:-1"},"canonical":"https:\/\/bonasport.com\/ca\/esports\/raqueta\/","og_locale":"ca_ES","og_type":"article","og_title":"Esports de raqueta - Bonasport Club Tenis Padel Sport Barcelona","og_description":"L\u00edder en esports de raqueta, les escoles de tennis, p\u00e0del, esquaix, pickleball i tennis de taula de Bonasport ofereixen f\u00f3rmules flexibles per a nens i adults.","og_url":"https:\/\/bonasport.com\/ca\/esports\/raqueta\/","og_site_name":"Bonasport Club Tenis Padel Sport Barcelona","article_modified_time":"2025-10-23T10:27:49+00:00","twitter_card":"summary_large_image","twitter_misc":{"Temps estimat de lectura":"1 minut"},"schema":{"@context":"https:\/\/schema.org","@graph":[{"@type":"WebPage","@id":"https:\/\/bonasport.com\/ca\/esports\/raqueta\/","url":"https:\/\/bonasport.com\/ca\/esports\/raqueta\/","name":"Esports de raqueta - Bonasport Club Tenis Padel Sport Barcelona","isPartOf":{"@id":"https:\/\/bonasport.com\/ca\/#website"},"datePublished":"2024-01-17T21:22:10+00:00","dateModified":"2025-10-23T10:27:49+00:00","description":"L\u00edder en esports de raqueta, les escoles de tennis, p\u00e0del, esquaix, pickleball i tennis de taula de Bonasport ofereixen f\u00f3rmules flexibles per a nens i adults.","breadcrumb":{"@id":"https:\/\/bonasport.com\/ca\/esports\/raqueta\/#breadcrumb"},"inLanguage":"ca","potentialAction":[{"@type":"ReadAction","target":["https:\/\/bonasport.com\/ca\/esports\/raqueta\/"]}]},{"@type":"BreadcrumbList","@id":"https:\/\/bonasport.com\/ca\/esports\/raqueta\/#breadcrumb","itemListElement":[{"@type":"ListItem","position":1,"name":"Home","item":"https:\/\/bonasport.com\/ca\/"},{"@type":"ListItem","position":2,"name":"Esports","item":"https:\/\/bonasport.com\/ca\/deportes\/"},{"@type":"ListItem","position":3,"name":"Raqueta"}]},{"@type":"WebSite","@id":"https:\/\/bonasport.com\/ca\/#website","url":"https:\/\/bonasport.com\/ca\/","name":"Bonasport Club Tenis Padel Sport Barcelona","description":"El Club m\u00e1s cosmopolita de Barcelona","potentialAction":[{"@type":"SearchAction","target":{"@type":"EntryPoint","urlTemplate":"https:\/\/bonasport.com\/ca\/?s={search_term_string}"},"query-input":{"@type":"PropertyValueSpecification","valueRequired":true,"valueName":"search_term_string"}}],"inLanguage":"ca"}]}},"_links":{"self":[{"href":"https:\/\/bonasport.com\/ca\/wp-json\/wp\/v2\/pages\/7734","targetHints":{"allow":["GET"]}}],"collection":[{"href":"https:\/\/bonasport.com\/ca\/wp-json\/wp\/v2\/pages"}],"about":[{"href":"https:\/\/bonasport.com\/ca\/wp-json\/wp\/v2\/types\/page"}],"author":[{"embeddable":true,"href":"https:\/\/bonasport.com\/ca\/wp-json\/wp\/v2\/users\/2"}],"replies":[{"embeddable":true,"href":"https:\/\/bonasport.com\/ca\/wp-json\/wp\/v2\/comments?post=7734"}],"version-history":[{"count":1,"href":"https:\/\/bonasport.com\/ca\/wp-json\/wp\/v2\/pages\/7734\/revisions"}],"predecessor-version":[{"id":9182,"href":"https:\/\/bonasport.com\/ca\/wp-json\/wp\/v2\/pages\/7734\/revisions\/9182"}],"up":[{"embeddable":true,"href":"https:\/\/bonasport.com\/ca\/wp-json\/wp\/v2\/pages\/7653"}],"wp:attachment":[{"href":"https:\/\/bonasport.com\/ca\/wp-json\/wp\/v2\/media?parent=7734"}],"curies":[{"name":"wp","href":"https:\/\/api.w.org\/{rel}","templated":true}]}}