{"id":7739,"date":"2024-02-07T17:42:48","date_gmt":"2024-02-07T16:42:48","guid":{"rendered":"https:\/\/bonasport.com\/cbs24\/kids\/escuelas-deportivas\/"},"modified":"2024-11-25T07:50:05","modified_gmt":"2024-11-25T06:50:05","slug":"escoles-esportives","status":"publish","type":"page","link":"https:\/\/bonasport.com\/ca\/kids\/escoles-esportives\/","title":{"rendered":"Escoles esportives"},"content":{"rendered":"","protected":false},"excerpt":{"rendered":"","protected":false},"author":1,"featured_media":0,"parent":7654,"menu_order":1,"comment_status":"closed","ping_status":"closed","template":"p-serveis.php","meta":{"_acf_changed":false,"footnotes":""},"class_list":["post-7739","page","type-page","status-publish","hentry"],"acf":[],"yoast_head":"<!-- This site is optimized with the Yoast SEO plugin v27.3 - https:\/\/yoast.com\/product\/yoast-seo-wordpress\/ -->\n<title>Escoles esportives - Bonasport Club Tenis Padel Sport Barcelona<\/title>\n<meta name=\"description\" content=\"Les escoles esportives de Bonasport s\u00f3n l&#039;escenari perfecte per iniciar-se a la pr\u00e0ctica esportiva: tennis, p\u00e0del, nataci\u00f3, arts marcials...\" \/>\n<meta name=\"robots\" content=\"index, follow, max-snippet:-1, max-image-preview:large, max-video-preview:-1\" \/>\n<link rel=\"canonical\" href=\"https:\/\/bonasport.com\/ca\/kids\/escoles-esportives\/\" \/>\n<meta property=\"og:locale\" content=\"ca_ES\" \/>\n<meta property=\"og:type\" content=\"article\" \/>\n<meta property=\"og:title\" content=\"Escoles esportives - Bonasport Club Tenis Padel Sport Barcelona\" \/>\n<meta property=\"og:description\" content=\"Les escoles esportives de Bonasport s\u00f3n l&#039;escenari perfecte per iniciar-se a la pr\u00e0ctica esportiva: tennis, p\u00e0del, nataci\u00f3, arts marcials...\" \/>\n<meta property=\"og:url\" content=\"https:\/\/bonasport.com\/ca\/kids\/escoles-esportives\/\" \/>\n<meta property=\"og:site_name\" content=\"Bonasport Club Tenis Padel Sport Barcelona\" \/>\n<meta property=\"article:modified_time\" content=\"2024-11-25T06:50:05+00:00\" \/>\n<meta name=\"twitter:card\" content=\"summary_large_image\" \/>\n<meta name=\"twitter:label1\" content=\"Temps estimat de lectura\" \/>\n\t<meta name=\"twitter:data1\" content=\"4 minuts\" \/>\n<script type=\"application\/ld+json\" class=\"yoast-schema-graph\">{\"@context\":\"https:\\\/\\\/schema.org\",\"@graph\":[{\"@type\":\"WebPage\",\"@id\":\"https:\\\/\\\/bonasport.com\\\/ca\\\/kids\\\/escoles-esportives\\\/\",\"url\":\"https:\\\/\\\/bonasport.com\\\/ca\\\/kids\\\/escoles-esportives\\\/\",\"name\":\"Escoles esportives - Bonasport Club Tenis Padel Sport Barcelona\",\"isPartOf\":{\"@id\":\"https:\\\/\\\/bonasport.com\\\/ca\\\/#website\"},\"datePublished\":\"2024-02-07T16:42:48+00:00\",\"dateModified\":\"2024-11-25T06:50:05+00:00\",\"description\":\"Les escoles esportives de Bonasport s\u00f3n l'escenari perfecte per iniciar-se a la pr\u00e0ctica esportiva: tennis, p\u00e0del, nataci\u00f3, arts marcials...\",\"breadcrumb\":{\"@id\":\"https:\\\/\\\/bonasport.com\\\/ca\\\/kids\\\/escoles-esportives\\\/#breadcrumb\"},\"inLanguage\":\"ca\",\"potentialAction\":[{\"@type\":\"ReadAction\",\"target\":[\"https:\\\/\\\/bonasport.com\\\/ca\\\/kids\\\/escoles-esportives\\\/\"]}]},{\"@type\":\"BreadcrumbList\",\"@id\":\"https:\\\/\\\/bonasport.com\\\/ca\\\/kids\\\/escoles-esportives\\\/#breadcrumb\",\"itemListElement\":[{\"@type\":\"ListItem\",\"position\":1,\"name\":\"Home\",\"item\":\"https:\\\/\\\/bonasport.com\\\/ca\\\/\"},{\"@type\":\"ListItem\",\"position\":2,\"name\":\"Kids\",\"item\":\"https:\\\/\\\/bonasport.com\\\/ca\\\/kids\\\/\"},{\"@type\":\"ListItem\",\"position\":3,\"name\":\"Escoles esportives\"}]},{\"@type\":\"WebSite\",\"@id\":\"https:\\\/\\\/bonasport.com\\\/ca\\\/#website\",\"url\":\"https:\\\/\\\/bonasport.com\\\/ca\\\/\",\"name\":\"Bonasport Club Tenis Padel Sport Barcelona\",\"description\":\"El Club m\u00e1s cosmopolita de Barcelona\",\"potentialAction\":[{\"@type\":\"SearchAction\",\"target\":{\"@type\":\"EntryPoint\",\"urlTemplate\":\"https:\\\/\\\/bonasport.com\\\/ca\\\/?s={search_term_string}\"},\"query-input\":{\"@type\":\"PropertyValueSpecification\",\"valueRequired\":true,\"valueName\":\"search_term_string\"}}],\"inLanguage\":\"ca\"}]}<\/script>\n<!-- \/ Yoast SEO plugin. -->","yoast_head_json":{"title":"Escoles esportives - Bonasport Club Tenis Padel Sport Barcelona","description":"Les escoles esportives de Bonasport s\u00f3n l'escenari perfecte per iniciar-se a la pr\u00e0ctica esportiva: tennis, p\u00e0del, nataci\u00f3, arts marcials...","robots":{"index":"index","follow":"follow","max-snippet":"max-snippet:-1","max-image-preview":"max-image-preview:large","max-video-preview":"max-video-preview:-1"},"canonical":"https:\/\/bonasport.com\/ca\/kids\/escoles-esportives\/","og_locale":"ca_ES","og_type":"article","og_title":"Escoles esportives - Bonasport Club Tenis Padel Sport Barcelona","og_description":"Les escoles esportives de Bonasport s\u00f3n l'escenari perfecte per iniciar-se a la pr\u00e0ctica esportiva: tennis, p\u00e0del, nataci\u00f3, arts marcials...","og_url":"https:\/\/bonasport.com\/ca\/kids\/escoles-esportives\/","og_site_name":"Bonasport Club Tenis Padel Sport Barcelona","article_modified_time":"2024-11-25T06:50:05+00:00","twitter_card":"summary_large_image","twitter_misc":{"Temps estimat de lectura":"4 minuts"},"schema":{"@context":"https:\/\/schema.org","@graph":[{"@type":"WebPage","@id":"https:\/\/bonasport.com\/ca\/kids\/escoles-esportives\/","url":"https:\/\/bonasport.com\/ca\/kids\/escoles-esportives\/","name":"Escoles esportives - Bonasport Club Tenis Padel Sport Barcelona","isPartOf":{"@id":"https:\/\/bonasport.com\/ca\/#website"},"datePublished":"2024-02-07T16:42:48+00:00","dateModified":"2024-11-25T06:50:05+00:00","description":"Les escoles esportives de Bonasport s\u00f3n l'escenari perfecte per iniciar-se a la pr\u00e0ctica esportiva: tennis, p\u00e0del, nataci\u00f3, arts marcials...","breadcrumb":{"@id":"https:\/\/bonasport.com\/ca\/kids\/escoles-esportives\/#breadcrumb"},"inLanguage":"ca","potentialAction":[{"@type":"ReadAction","target":["https:\/\/bonasport.com\/ca\/kids\/escoles-esportives\/"]}]},{"@type":"BreadcrumbList","@id":"https:\/\/bonasport.com\/ca\/kids\/escoles-esportives\/#breadcrumb","itemListElement":[{"@type":"ListItem","position":1,"name":"Home","item":"https:\/\/bonasport.com\/ca\/"},{"@type":"ListItem","position":2,"name":"Kids","item":"https:\/\/bonasport.com\/ca\/kids\/"},{"@type":"ListItem","position":3,"name":"Escoles esportives"}]},{"@type":"WebSite","@id":"https:\/\/bonasport.com\/ca\/#website","url":"https:\/\/bonasport.com\/ca\/","name":"Bonasport Club Tenis Padel Sport Barcelona","description":"El Club m\u00e1s cosmopolita de Barcelona","potentialAction":[{"@type":"SearchAction","target":{"@type":"EntryPoint","urlTemplate":"https:\/\/bonasport.com\/ca\/?s={search_term_string}"},"query-input":{"@type":"PropertyValueSpecification","valueRequired":true,"valueName":"search_term_string"}}],"inLanguage":"ca"}]}},"_links":{"self":[{"href":"https:\/\/bonasport.com\/ca\/wp-json\/wp\/v2\/pages\/7739","targetHints":{"allow":["GET"]}}],"collection":[{"href":"https:\/\/bonasport.com\/ca\/wp-json\/wp\/v2\/pages"}],"about":[{"href":"https:\/\/bonasport.com\/ca\/wp-json\/wp\/v2\/types\/page"}],"author":[{"embeddable":true,"href":"https:\/\/bonasport.com\/ca\/wp-json\/wp\/v2\/users\/1"}],"replies":[{"embeddable":true,"href":"https:\/\/bonasport.com\/ca\/wp-json\/wp\/v2\/comments?post=7739"}],"version-history":[{"count":0,"href":"https:\/\/bonasport.com\/ca\/wp-json\/wp\/v2\/pages\/7739\/revisions"}],"up":[{"embeddable":true,"href":"https:\/\/bonasport.com\/ca\/wp-json\/wp\/v2\/pages\/7654"}],"wp:attachment":[{"href":"https:\/\/bonasport.com\/ca\/wp-json\/wp\/v2\/media?parent=7739"}],"curies":[{"name":"wp","href":"https:\/\/api.w.org\/{rel}","templated":true}]}}