{"id":7782,"date":"2024-02-07T18:20:11","date_gmt":"2024-02-07T17:20:11","guid":{"rendered":"https:\/\/bonasport.com\/cbs24\/wellness-beauty\/beauty-space\/"},"modified":"2024-11-25T09:40:56","modified_gmt":"2024-11-25T08:40:56","slug":"beautyspace","status":"publish","type":"page","link":"https:\/\/bonasport.com\/ca\/wellness-beauty\/beautyspace\/","title":{"rendered":"Beauty Space"},"content":{"rendered":"","protected":false},"excerpt":{"rendered":"","protected":false},"author":1,"featured_media":0,"parent":7655,"menu_order":1,"comment_status":"closed","ping_status":"closed","template":"p-serveis.php","meta":{"_acf_changed":false,"footnotes":""},"class_list":["post-7782","page","type-page","status-publish","hentry"],"acf":[],"yoast_head":"<!-- This site is optimized with the Yoast SEO plugin v27.4 - https:\/\/yoast.com\/product\/yoast-seo-wordpress\/ -->\n<title>Beauty Space - Bonasport Club Tenis Padel Sport Barcelona<\/title>\n<meta name=\"description\" content=\"Beauty Space, el centre est\u00e8tic de Bonasport, t\u00e9 els millors i m\u00e9s innovadors tractaments i rituals de bellesa.\" \/>\n<meta name=\"robots\" content=\"index, follow, max-snippet:-1, max-image-preview:large, max-video-preview:-1\" \/>\n<link rel=\"canonical\" href=\"https:\/\/bonasport.com\/ca\/wellness-beauty\/beautyspace\/\" \/>\n<meta property=\"og:locale\" content=\"ca_ES\" \/>\n<meta property=\"og:type\" content=\"article\" \/>\n<meta property=\"og:title\" content=\"Beauty Space - Bonasport Club Tenis Padel Sport Barcelona\" \/>\n<meta property=\"og:description\" content=\"Beauty Space, el centre est\u00e8tic de Bonasport, t\u00e9 els millors i m\u00e9s innovadors tractaments i rituals de bellesa.\" \/>\n<meta property=\"og:url\" content=\"https:\/\/bonasport.com\/ca\/wellness-beauty\/beautyspace\/\" \/>\n<meta property=\"og:site_name\" content=\"Bonasport Club Tenis Padel Sport Barcelona\" \/>\n<meta property=\"article:modified_time\" content=\"2024-11-25T08:40:56+00:00\" \/>\n<meta name=\"twitter:card\" content=\"summary_large_image\" \/>\n<meta name=\"twitter:label1\" content=\"Temps estimat de lectura\" \/>\n\t<meta name=\"twitter:data1\" content=\"3 minuts\" \/>\n<script type=\"application\/ld+json\" class=\"yoast-schema-graph\">{\"@context\":\"https:\\\/\\\/schema.org\",\"@graph\":[{\"@type\":\"WebPage\",\"@id\":\"https:\\\/\\\/bonasport.com\\\/ca\\\/wellness-beauty\\\/beautyspace\\\/\",\"url\":\"https:\\\/\\\/bonasport.com\\\/ca\\\/wellness-beauty\\\/beautyspace\\\/\",\"name\":\"Beauty Space - Bonasport Club Tenis Padel Sport Barcelona\",\"isPartOf\":{\"@id\":\"https:\\\/\\\/bonasport.com\\\/ca\\\/#website\"},\"datePublished\":\"2024-02-07T17:20:11+00:00\",\"dateModified\":\"2024-11-25T08:40:56+00:00\",\"description\":\"Beauty Space, el centre est\u00e8tic de Bonasport, t\u00e9 els millors i m\u00e9s innovadors tractaments i rituals de bellesa.\",\"breadcrumb\":{\"@id\":\"https:\\\/\\\/bonasport.com\\\/ca\\\/wellness-beauty\\\/beautyspace\\\/#breadcrumb\"},\"inLanguage\":\"ca\",\"potentialAction\":[{\"@type\":\"ReadAction\",\"target\":[\"https:\\\/\\\/bonasport.com\\\/ca\\\/wellness-beauty\\\/beautyspace\\\/\"]}]},{\"@type\":\"BreadcrumbList\",\"@id\":\"https:\\\/\\\/bonasport.com\\\/ca\\\/wellness-beauty\\\/beautyspace\\\/#breadcrumb\",\"itemListElement\":[{\"@type\":\"ListItem\",\"position\":1,\"name\":\"Home\",\"item\":\"https:\\\/\\\/bonasport.com\\\/ca\\\/\"},{\"@type\":\"ListItem\",\"position\":2,\"name\":\"Wellness &#038; Beauty\",\"item\":\"https:\\\/\\\/bonasport.com\\\/ca\\\/wellness-beauty\\\/\"},{\"@type\":\"ListItem\",\"position\":3,\"name\":\"Beauty Space\"}]},{\"@type\":\"WebSite\",\"@id\":\"https:\\\/\\\/bonasport.com\\\/ca\\\/#website\",\"url\":\"https:\\\/\\\/bonasport.com\\\/ca\\\/\",\"name\":\"Bonasport Club Tenis Padel Sport Barcelona\",\"description\":\"El Club m\u00e1s cosmopolita de Barcelona\",\"potentialAction\":[{\"@type\":\"SearchAction\",\"target\":{\"@type\":\"EntryPoint\",\"urlTemplate\":\"https:\\\/\\\/bonasport.com\\\/ca\\\/?s={search_term_string}\"},\"query-input\":{\"@type\":\"PropertyValueSpecification\",\"valueRequired\":true,\"valueName\":\"search_term_string\"}}],\"inLanguage\":\"ca\"}]}<\/script>\n<!-- \/ Yoast SEO plugin. -->","yoast_head_json":{"title":"Beauty Space - Bonasport Club Tenis Padel Sport Barcelona","description":"Beauty Space, el centre est\u00e8tic de Bonasport, t\u00e9 els millors i m\u00e9s innovadors tractaments i rituals de bellesa.","robots":{"index":"index","follow":"follow","max-snippet":"max-snippet:-1","max-image-preview":"max-image-preview:large","max-video-preview":"max-video-preview:-1"},"canonical":"https:\/\/bonasport.com\/ca\/wellness-beauty\/beautyspace\/","og_locale":"ca_ES","og_type":"article","og_title":"Beauty Space - Bonasport Club Tenis Padel Sport Barcelona","og_description":"Beauty Space, el centre est\u00e8tic de Bonasport, t\u00e9 els millors i m\u00e9s innovadors tractaments i rituals de bellesa.","og_url":"https:\/\/bonasport.com\/ca\/wellness-beauty\/beautyspace\/","og_site_name":"Bonasport Club Tenis Padel Sport Barcelona","article_modified_time":"2024-11-25T08:40:56+00:00","twitter_card":"summary_large_image","twitter_misc":{"Temps estimat de lectura":"3 minuts"},"schema":{"@context":"https:\/\/schema.org","@graph":[{"@type":"WebPage","@id":"https:\/\/bonasport.com\/ca\/wellness-beauty\/beautyspace\/","url":"https:\/\/bonasport.com\/ca\/wellness-beauty\/beautyspace\/","name":"Beauty Space - Bonasport Club Tenis Padel Sport Barcelona","isPartOf":{"@id":"https:\/\/bonasport.com\/ca\/#website"},"datePublished":"2024-02-07T17:20:11+00:00","dateModified":"2024-11-25T08:40:56+00:00","description":"Beauty Space, el centre est\u00e8tic de Bonasport, t\u00e9 els millors i m\u00e9s innovadors tractaments i rituals de bellesa.","breadcrumb":{"@id":"https:\/\/bonasport.com\/ca\/wellness-beauty\/beautyspace\/#breadcrumb"},"inLanguage":"ca","potentialAction":[{"@type":"ReadAction","target":["https:\/\/bonasport.com\/ca\/wellness-beauty\/beautyspace\/"]}]},{"@type":"BreadcrumbList","@id":"https:\/\/bonasport.com\/ca\/wellness-beauty\/beautyspace\/#breadcrumb","itemListElement":[{"@type":"ListItem","position":1,"name":"Home","item":"https:\/\/bonasport.com\/ca\/"},{"@type":"ListItem","position":2,"name":"Wellness &#038; Beauty","item":"https:\/\/bonasport.com\/ca\/wellness-beauty\/"},{"@type":"ListItem","position":3,"name":"Beauty Space"}]},{"@type":"WebSite","@id":"https:\/\/bonasport.com\/ca\/#website","url":"https:\/\/bonasport.com\/ca\/","name":"Bonasport Club Tenis Padel Sport Barcelona","description":"El Club m\u00e1s cosmopolita de Barcelona","potentialAction":[{"@type":"SearchAction","target":{"@type":"EntryPoint","urlTemplate":"https:\/\/bonasport.com\/ca\/?s={search_term_string}"},"query-input":{"@type":"PropertyValueSpecification","valueRequired":true,"valueName":"search_term_string"}}],"inLanguage":"ca"}]}},"_links":{"self":[{"href":"https:\/\/bonasport.com\/ca\/wp-json\/wp\/v2\/pages\/7782","targetHints":{"allow":["GET"]}}],"collection":[{"href":"https:\/\/bonasport.com\/ca\/wp-json\/wp\/v2\/pages"}],"about":[{"href":"https:\/\/bonasport.com\/ca\/wp-json\/wp\/v2\/types\/page"}],"author":[{"embeddable":true,"href":"https:\/\/bonasport.com\/ca\/wp-json\/wp\/v2\/users\/1"}],"replies":[{"embeddable":true,"href":"https:\/\/bonasport.com\/ca\/wp-json\/wp\/v2\/comments?post=7782"}],"version-history":[{"count":0,"href":"https:\/\/bonasport.com\/ca\/wp-json\/wp\/v2\/pages\/7782\/revisions"}],"up":[{"embeddable":true,"href":"https:\/\/bonasport.com\/ca\/wp-json\/wp\/v2\/pages\/7655"}],"wp:attachment":[{"href":"https:\/\/bonasport.com\/ca\/wp-json\/wp\/v2\/media?parent=7782"}],"curies":[{"name":"wp","href":"https:\/\/api.w.org\/{rel}","templated":true}]}}