{"id":7811,"date":"2024-05-27T23:43:19","date_gmt":"2024-05-27T21:43:19","guid":{"rendered":"https:\/\/bonasport.com\/cbs24\/social\/servicios-abonados\/puntos-de-recarga\/"},"modified":"2024-11-25T13:04:29","modified_gmt":"2024-11-25T12:04:29","slug":"punts-de-recarrega","status":"publish","type":"page","link":"https:\/\/bonasport.com\/ca\/social\/serveis-abonats\/punts-de-recarrega\/","title":{"rendered":"Punts de rec\u00e0rrega de vehicles el\u00e8ctrics"},"content":{"rendered":"","protected":false},"excerpt":{"rendered":"","protected":false},"author":1,"featured_media":0,"parent":7808,"menu_order":3,"comment_status":"closed","ping_status":"closed","template":"p-serveis.php","meta":{"_acf_changed":false,"footnotes":""},"class_list":["post-7811","page","type-page","status-publish","hentry"],"acf":[],"yoast_head":"<!-- This site is optimized with the Yoast SEO plugin v27.4 - https:\/\/yoast.com\/product\/yoast-seo-wordpress\/ -->\n<title>Punts de rec\u00e0rrega de vehicles el\u00e8ctrics - Bonasport Club Tenis Padel Sport Barcelona<\/title>\n<meta name=\"description\" content=\"Bonasport disposa de dos punts de rec\u00e0rrega de vehicles el\u00e8ctrics per a una experi\u00e8ncia m\u00e9s c\u00f2moda i sostenible.\" \/>\n<meta name=\"robots\" content=\"index, follow, max-snippet:-1, max-image-preview:large, max-video-preview:-1\" \/>\n<link rel=\"canonical\" href=\"https:\/\/bonasport.com\/ca\/social\/serveis-abonats\/punts-de-recarrega\/\" \/>\n<meta property=\"og:locale\" content=\"ca_ES\" \/>\n<meta property=\"og:type\" content=\"article\" \/>\n<meta property=\"og:title\" content=\"Punts de rec\u00e0rrega de vehicles el\u00e8ctrics - Bonasport Club Tenis Padel Sport Barcelona\" \/>\n<meta property=\"og:description\" content=\"Bonasport disposa de dos punts de rec\u00e0rrega de vehicles el\u00e8ctrics per a una experi\u00e8ncia m\u00e9s c\u00f2moda i sostenible.\" \/>\n<meta property=\"og:url\" content=\"https:\/\/bonasport.com\/ca\/social\/serveis-abonats\/punts-de-recarrega\/\" \/>\n<meta property=\"og:site_name\" content=\"Bonasport Club Tenis Padel Sport Barcelona\" \/>\n<meta property=\"article:modified_time\" content=\"2024-11-25T12:04:29+00:00\" \/>\n<meta name=\"twitter:card\" content=\"summary_large_image\" \/>\n<meta name=\"twitter:label1\" content=\"Temps estimat de lectura\" \/>\n\t<meta name=\"twitter:data1\" content=\"1 minut\" \/>\n<script type=\"application\/ld+json\" class=\"yoast-schema-graph\">{\"@context\":\"https:\\\/\\\/schema.org\",\"@graph\":[{\"@type\":\"WebPage\",\"@id\":\"https:\\\/\\\/bonasport.com\\\/ca\\\/social\\\/serveis-abonats\\\/punts-de-recarrega\\\/\",\"url\":\"https:\\\/\\\/bonasport.com\\\/ca\\\/social\\\/serveis-abonats\\\/punts-de-recarrega\\\/\",\"name\":\"Punts de rec\u00e0rrega de vehicles el\u00e8ctrics - Bonasport Club Tenis Padel Sport Barcelona\",\"isPartOf\":{\"@id\":\"https:\\\/\\\/bonasport.com\\\/ca\\\/#website\"},\"datePublished\":\"2024-05-27T21:43:19+00:00\",\"dateModified\":\"2024-11-25T12:04:29+00:00\",\"description\":\"Bonasport disposa de dos punts de rec\u00e0rrega de vehicles el\u00e8ctrics per a una experi\u00e8ncia m\u00e9s c\u00f2moda i sostenible.\",\"breadcrumb\":{\"@id\":\"https:\\\/\\\/bonasport.com\\\/ca\\\/social\\\/serveis-abonats\\\/punts-de-recarrega\\\/#breadcrumb\"},\"inLanguage\":\"ca\",\"potentialAction\":[{\"@type\":\"ReadAction\",\"target\":[\"https:\\\/\\\/bonasport.com\\\/ca\\\/social\\\/serveis-abonats\\\/punts-de-recarrega\\\/\"]}]},{\"@type\":\"BreadcrumbList\",\"@id\":\"https:\\\/\\\/bonasport.com\\\/ca\\\/social\\\/serveis-abonats\\\/punts-de-recarrega\\\/#breadcrumb\",\"itemListElement\":[{\"@type\":\"ListItem\",\"position\":1,\"name\":\"Home\",\"item\":\"https:\\\/\\\/bonasport.com\\\/ca\\\/\"},{\"@type\":\"ListItem\",\"position\":2,\"name\":\"Social\",\"item\":\"https:\\\/\\\/bonasport.com\\\/ca\\\/social\\\/\"},{\"@type\":\"ListItem\",\"position\":3,\"name\":\"Serveis Socis\",\"item\":\"https:\\\/\\\/bonasport.com\\\/ca\\\/social\\\/serveis-abonats\\\/\"},{\"@type\":\"ListItem\",\"position\":4,\"name\":\"Punts de rec\u00e0rrega de vehicles el\u00e8ctrics\"}]},{\"@type\":\"WebSite\",\"@id\":\"https:\\\/\\\/bonasport.com\\\/ca\\\/#website\",\"url\":\"https:\\\/\\\/bonasport.com\\\/ca\\\/\",\"name\":\"Bonasport Club Tenis Padel Sport Barcelona\",\"description\":\"El Club m\u00e1s cosmopolita de Barcelona\",\"potentialAction\":[{\"@type\":\"SearchAction\",\"target\":{\"@type\":\"EntryPoint\",\"urlTemplate\":\"https:\\\/\\\/bonasport.com\\\/ca\\\/?s={search_term_string}\"},\"query-input\":{\"@type\":\"PropertyValueSpecification\",\"valueRequired\":true,\"valueName\":\"search_term_string\"}}],\"inLanguage\":\"ca\"}]}<\/script>\n<!-- \/ Yoast SEO plugin. -->","yoast_head_json":{"title":"Punts de rec\u00e0rrega de vehicles el\u00e8ctrics - Bonasport Club Tenis Padel Sport Barcelona","description":"Bonasport disposa de dos punts de rec\u00e0rrega de vehicles el\u00e8ctrics per a una experi\u00e8ncia m\u00e9s c\u00f2moda i sostenible.","robots":{"index":"index","follow":"follow","max-snippet":"max-snippet:-1","max-image-preview":"max-image-preview:large","max-video-preview":"max-video-preview:-1"},"canonical":"https:\/\/bonasport.com\/ca\/social\/serveis-abonats\/punts-de-recarrega\/","og_locale":"ca_ES","og_type":"article","og_title":"Punts de rec\u00e0rrega de vehicles el\u00e8ctrics - Bonasport Club Tenis Padel Sport Barcelona","og_description":"Bonasport disposa de dos punts de rec\u00e0rrega de vehicles el\u00e8ctrics per a una experi\u00e8ncia m\u00e9s c\u00f2moda i sostenible.","og_url":"https:\/\/bonasport.com\/ca\/social\/serveis-abonats\/punts-de-recarrega\/","og_site_name":"Bonasport Club Tenis Padel Sport Barcelona","article_modified_time":"2024-11-25T12:04:29+00:00","twitter_card":"summary_large_image","twitter_misc":{"Temps estimat de lectura":"1 minut"},"schema":{"@context":"https:\/\/schema.org","@graph":[{"@type":"WebPage","@id":"https:\/\/bonasport.com\/ca\/social\/serveis-abonats\/punts-de-recarrega\/","url":"https:\/\/bonasport.com\/ca\/social\/serveis-abonats\/punts-de-recarrega\/","name":"Punts de rec\u00e0rrega de vehicles el\u00e8ctrics - Bonasport Club Tenis Padel Sport Barcelona","isPartOf":{"@id":"https:\/\/bonasport.com\/ca\/#website"},"datePublished":"2024-05-27T21:43:19+00:00","dateModified":"2024-11-25T12:04:29+00:00","description":"Bonasport disposa de dos punts de rec\u00e0rrega de vehicles el\u00e8ctrics per a una experi\u00e8ncia m\u00e9s c\u00f2moda i sostenible.","breadcrumb":{"@id":"https:\/\/bonasport.com\/ca\/social\/serveis-abonats\/punts-de-recarrega\/#breadcrumb"},"inLanguage":"ca","potentialAction":[{"@type":"ReadAction","target":["https:\/\/bonasport.com\/ca\/social\/serveis-abonats\/punts-de-recarrega\/"]}]},{"@type":"BreadcrumbList","@id":"https:\/\/bonasport.com\/ca\/social\/serveis-abonats\/punts-de-recarrega\/#breadcrumb","itemListElement":[{"@type":"ListItem","position":1,"name":"Home","item":"https:\/\/bonasport.com\/ca\/"},{"@type":"ListItem","position":2,"name":"Social","item":"https:\/\/bonasport.com\/ca\/social\/"},{"@type":"ListItem","position":3,"name":"Serveis Socis","item":"https:\/\/bonasport.com\/ca\/social\/serveis-abonats\/"},{"@type":"ListItem","position":4,"name":"Punts de rec\u00e0rrega de vehicles el\u00e8ctrics"}]},{"@type":"WebSite","@id":"https:\/\/bonasport.com\/ca\/#website","url":"https:\/\/bonasport.com\/ca\/","name":"Bonasport Club Tenis Padel Sport Barcelona","description":"El Club m\u00e1s cosmopolita de Barcelona","potentialAction":[{"@type":"SearchAction","target":{"@type":"EntryPoint","urlTemplate":"https:\/\/bonasport.com\/ca\/?s={search_term_string}"},"query-input":{"@type":"PropertyValueSpecification","valueRequired":true,"valueName":"search_term_string"}}],"inLanguage":"ca"}]}},"_links":{"self":[{"href":"https:\/\/bonasport.com\/ca\/wp-json\/wp\/v2\/pages\/7811","targetHints":{"allow":["GET"]}}],"collection":[{"href":"https:\/\/bonasport.com\/ca\/wp-json\/wp\/v2\/pages"}],"about":[{"href":"https:\/\/bonasport.com\/ca\/wp-json\/wp\/v2\/types\/page"}],"author":[{"embeddable":true,"href":"https:\/\/bonasport.com\/ca\/wp-json\/wp\/v2\/users\/1"}],"replies":[{"embeddable":true,"href":"https:\/\/bonasport.com\/ca\/wp-json\/wp\/v2\/comments?post=7811"}],"version-history":[{"count":0,"href":"https:\/\/bonasport.com\/ca\/wp-json\/wp\/v2\/pages\/7811\/revisions"}],"up":[{"embeddable":true,"href":"https:\/\/bonasport.com\/ca\/wp-json\/wp\/v2\/pages\/7808"}],"wp:attachment":[{"href":"https:\/\/bonasport.com\/ca\/wp-json\/wp\/v2\/media?parent=7811"}],"curies":[{"name":"wp","href":"https:\/\/api.w.org\/{rel}","templated":true}]}}