{"id":8918,"date":"2024-11-27T23:11:49","date_gmt":"2024-11-27T22:11:49","guid":{"rendered":"https:\/\/bonasport.com\/cbs24\/canal-info\/"},"modified":"2024-11-28T00:48:20","modified_gmt":"2024-11-27T23:48:20","slug":"canal-info","status":"publish","type":"page","link":"https:\/\/bonasport.com\/ca\/canal-info\/","title":{"rendered":"\u2b55\ufe0f Canal Info"},"content":{"rendered":"<p><strong>Normativa<\/strong>.- En compliment de la Llei 2\/2023, de 20 de febrer, reguladora de la protecci\u00f3 de les persones que informen sobre infraccions normatives i de lluita contra la corrupci\u00f3, BONASPORT, S.A. t\u00e9 implantat el Sistema Intern d\u2019Informaci\u00f3, el qual inclou el Canal Intern d\u2019Informaci\u00f3.<\/p>\n<p><strong>Objectius<\/strong>.- L&#8217;establiment d&#8217;un Sistema Intern d\u2019Informaci\u00f3 t\u00e9 com a objectius principals protegir les persones que, en un context laboral o professional, detectin infraccions penals o administratives greus o molt greus i les comuniquin mitjan\u00e7ant els mecanismes regulats a aquest efecte, aix\u00ed com tamb\u00e9 enfortir i fomentar la cultura d&#8217;informaci\u00f3 com a mecanisme per prevenir i detectar conductes irregulars.<\/p>\n<p><strong>Pol\u00edtica<\/strong>.- La Pol\u00edtica del Sistema Intern d\u2019Informaci\u00f3 de BONASPORT, S.A. es troba recollida en el document que amb aquesta denominaci\u00f3 es pot accedir mitjan\u00e7ant el seg\u00fcent enlla\u00e7:<\/p>\n<h4 class=\"btn\"><a href=\"https:\/\/bonasport.com\/files\/BONASPORT-Politica-Sistema-Intern-Informacio-CAT.pdf\" target=\"_blank\" rel=\"noopener\">VEURE POL\u00cdTICA<\/a><\/h4>\n<p><strong>Procediment<\/strong>.- El Procediment de Gesti\u00f3 del Sistema Intern d\u2019informaci\u00f3 de BONASPORT, S.A. es troba recollit en el document que amb aquesta denominaci\u00f3 es pot accedir mitjan\u00e7ant el seg\u00fcent enlla\u00e7:<\/p>\n<h4 class=\"btn\"><a href=\"https:\/\/bonasport.com\/files\/BONASPORT-Procediment-de-Gestio-del-SII-CAT.pdf\" target=\"_blank\" rel=\"noopener\">VEURE PROCEDIMENT<\/a><\/h4>\n<p><strong>\u00c0mbits<\/strong>.- Les persones que gaudeixen de la condici\u00f3 d\u2019informants protegits (veure Procediment, \u00e0mbit personal\u00a0 d\u2019aplicaci\u00f3) poden informar de qualsevol presumpte infracci\u00f3 penal o administrativa greu o molt greu de les previstes en la referida Llei 2\/2023 (veure Procediment, \u00e0mbit material d\u2019aplicaci\u00f3) de forma confidencial mitjan\u00e7ant els diferents sistemes que conformen el Canal intern d\u2019informaci\u00f3 (veure Procediment, presentaci\u00f3 d\u2019informaci\u00f3, Canal i Forma).<\/p>\n<p><strong>An\u00f2nima.<\/strong> La informaci\u00f3 tamb\u00e9 pot ser comunicada de forma an\u00f2nima.<\/p>\n<p><strong>Exclusions<\/strong>.- Queden excloses de l\u2019objecte d\u2019aquest procediment les comunicacions relacionades en el Procediment, apartat exclusions.<\/p>\n<p><strong>Autoritat<\/strong>.- No obstant, els informants podran en tot moment informar davant l&#8217;Autoritat Independent de Protecci\u00f3 de l&#8217;Informant (funcions assumides a Catalunya per l\u2019Oficina Antifrau de Catalunya), la comissi\u00f3 de qualssevol accions o omissions incloses en l&#8217;\u00e0mbit de la Llei 2\/2023, ja sigui directament o pr\u00e8via comunicaci\u00f3 a trav\u00e9s del canal intern.<\/p>\n<p><strong>Protecci\u00f3 de dades.<\/strong> El Consell d\u2019Administraci\u00f3 de BONASPORT, S.A. \u00e9s responsable de tractament de les dades de car\u00e0cter personal que es tractin en el Sistema Intern d&#8217;Informaci\u00f3.<\/p>\n<p>El tractament de dades de car\u00e0cter personal que derivin de l&#8217;aplicaci\u00f3 d&#8217;aquest Sistema es regir\u00e0 pel que disposa el Reglament (UE) 2016\/679 del Parlament Europeu i del Consell, de 27 d&#8217;abril de 2016, i en la Llei Org\u00e0nica 3\/2018, de 5 de desembre, de Protecci\u00f3 de Dades Personals i garantia dels drets digitals. Aix\u00ed mateix, amb car\u00e0cter espec\u00edfic, li ser\u00e0 d\u2019aplicaci\u00f3 el que preveu al respecte el T\u00edtol VI de la Llei 2\/2023, de 20 de febrer, reguladora de la protecci\u00f3 de les persones que informen sobre infraccions normatives i de lluita contra la corrupci\u00f3.<\/p>\n<p>Els interessats podran exercir els drets acc\u00e9s, rectificaci\u00f3 o supressi\u00f3, limitaci\u00f3, oposici\u00f3 o, en el seu cas, la sol\u00b7licitud de portabilitat de les seues dades davant BONASPORT, S.A. Per a aix\u00f2 podr\u00e0 adre\u00e7ar-se a BONASPORT, S.A. acreditant la seva identitat. Pot fer-ho per correu postal, acompanyant a la seva sol\u00b7licitud una c\u00f2pia de DNI, o enviant un correu electr\u00f2nic que inclogui signatura electr\u00f2nica, a canalinfo@bonasport.com<\/p>\n<p><strong>Canal d\u2019Informaci\u00f3 Web.<\/strong> Entre els diferents sistemes habilitats per fer les comunicacions d\u2019informaci\u00f3 s\u2019hi troba el Canal d\u2019Informaci\u00f3 incl\u00f2s en aquesta p\u00e0gina web, al qual es pot tenir acc\u00e9s en el seg\u00fcent enlla\u00e7:<\/p>\n<div class=\"btn-cont\">\n<h4 class=\"btn\"><a href=\"https:\/\/bonasport.com\/?p=5819\"><strong>ACC\u00c9S AL CANAL (formulari online)<\/strong><\/a><\/h4>\n<\/div>\n<p><strong>Model de formulari<\/strong>. Pel cas que la comunicaci\u00f3 de la informaci\u00f3 es faci per escrit mitjan\u00e7ant algunes de les altres vies que s\u2019indiquen en el Procediment, es facilita com a guia un formulari optatiu en aquest enlla\u00e7:<\/p>\n<h4 class=\"btn\"><strong><a href=\"https:\/\/bonasport.com\/files\/BONASPORT-Formulari-manual-SII-CAT.pdf\" target=\"_blank\" rel=\"noopener\">ACC\u00c9S AL FORMULARI (pdf per descarregar)<\/a><\/strong><\/h4>\n","protected":false},"excerpt":{"rendered":"<p>Normativa.- En compliment de la Llei 2\/2023, de 20 de febrer, reguladora de la protecci\u00f3 de les persones que informen sobre infraccions normatives i de lluita contra la corrupci\u00f3, BONASPORT, S.A. t\u00e9 implantat el Sistema Intern d\u2019Informaci\u00f3, el qual inclou el Canal Intern d\u2019Informaci\u00f3. Objectius.- L&#8217;establiment d&#8217;un Sistema Intern d\u2019Informaci\u00f3 t\u00e9 com a objectius principals [&hellip;]<\/p>\n","protected":false},"author":1,"featured_media":8901,"parent":0,"menu_order":99999,"comment_status":"closed","ping_status":"closed","template":"p-canalinfo.php","meta":{"_acf_changed":false,"footnotes":""},"class_list":["post-8918","page","type-page","status-publish","has-post-thumbnail","hentry"],"acf":[],"yoast_head":"<!-- This site is optimized with the Yoast SEO plugin v27.5 - https:\/\/yoast.com\/product\/yoast-seo-wordpress\/ -->\n<title>\u2b55\ufe0f Canal Info - Bonasport Club Tenis Padel Sport Barcelona<\/title>\n<meta name=\"robots\" content=\"index, follow, max-snippet:-1, max-image-preview:large, max-video-preview:-1\" \/>\n<link rel=\"canonical\" href=\"https:\/\/bonasport.com\/ca\/canal-info\/\" \/>\n<meta property=\"og:locale\" content=\"ca_ES\" \/>\n<meta property=\"og:type\" content=\"article\" \/>\n<meta property=\"og:title\" content=\"\u2b55\ufe0f Canal Info - Bonasport Club Tenis Padel Sport Barcelona\" \/>\n<meta property=\"og:description\" content=\"Normativa.- En compliment de la Llei 2\/2023, de 20 de febrer, reguladora de la protecci\u00f3 de les persones que informen sobre infraccions normatives i de lluita contra la corrupci\u00f3, BONASPORT, S.A. t\u00e9 implantat el Sistema Intern d\u2019Informaci\u00f3, el qual inclou el Canal Intern d\u2019Informaci\u00f3. Objectius.- L&#8217;establiment d&#8217;un Sistema Intern d\u2019Informaci\u00f3 t\u00e9 com a objectius principals [&hellip;]\" \/>\n<meta property=\"og:url\" content=\"https:\/\/bonasport.com\/ca\/canal-info\/\" \/>\n<meta property=\"og:site_name\" content=\"Bonasport Club Tenis Padel Sport Barcelona\" \/>\n<meta property=\"article:modified_time\" content=\"2024-11-27T23:48:20+00:00\" \/>\n<meta property=\"og:image\" content=\"https:\/\/bonasport.com\/cbs24\/wp-content\/uploads\/2024\/11\/canal-info-jpg.webp\" \/>\n\t<meta property=\"og:image:width\" content=\"1200\" \/>\n\t<meta property=\"og:image:height\" content=\"686\" \/>\n\t<meta property=\"og:image:type\" content=\"image\/webp\" \/>\n<meta name=\"twitter:card\" content=\"summary_large_image\" \/>\n<meta name=\"twitter:label1\" content=\"Temps estimat de lectura\" \/>\n\t<meta name=\"twitter:data1\" content=\"3 minuts\" \/>\n<script type=\"application\/ld+json\" class=\"yoast-schema-graph\">{\"@context\":\"https:\\\/\\\/schema.org\",\"@graph\":[{\"@type\":\"WebPage\",\"@id\":\"https:\\\/\\\/bonasport.com\\\/ca\\\/canal-info\\\/\",\"url\":\"https:\\\/\\\/bonasport.com\\\/ca\\\/canal-info\\\/\",\"name\":\"\u2b55\ufe0f Canal Info - Bonasport Club Tenis Padel Sport Barcelona\",\"isPartOf\":{\"@id\":\"https:\\\/\\\/bonasport.com\\\/ca\\\/#website\"},\"primaryImageOfPage\":{\"@id\":\"https:\\\/\\\/bonasport.com\\\/ca\\\/canal-info\\\/#primaryimage\"},\"image\":{\"@id\":\"https:\\\/\\\/bonasport.com\\\/ca\\\/canal-info\\\/#primaryimage\"},\"thumbnailUrl\":\"https:\\\/\\\/bonasport.com\\\/cbs24\\\/wp-content\\\/uploads\\\/2024\\\/11\\\/canal-info-jpg.webp\",\"datePublished\":\"2024-11-27T22:11:49+00:00\",\"dateModified\":\"2024-11-27T23:48:20+00:00\",\"breadcrumb\":{\"@id\":\"https:\\\/\\\/bonasport.com\\\/ca\\\/canal-info\\\/#breadcrumb\"},\"inLanguage\":\"ca\",\"potentialAction\":[{\"@type\":\"ReadAction\",\"target\":[\"https:\\\/\\\/bonasport.com\\\/ca\\\/canal-info\\\/\"]}]},{\"@type\":\"ImageObject\",\"inLanguage\":\"ca\",\"@id\":\"https:\\\/\\\/bonasport.com\\\/ca\\\/canal-info\\\/#primaryimage\",\"url\":\"https:\\\/\\\/bonasport.com\\\/cbs24\\\/wp-content\\\/uploads\\\/2024\\\/11\\\/canal-info-jpg.webp\",\"contentUrl\":\"https:\\\/\\\/bonasport.com\\\/cbs24\\\/wp-content\\\/uploads\\\/2024\\\/11\\\/canal-info-jpg.webp\",\"width\":1200,\"height\":686},{\"@type\":\"BreadcrumbList\",\"@id\":\"https:\\\/\\\/bonasport.com\\\/ca\\\/canal-info\\\/#breadcrumb\",\"itemListElement\":[{\"@type\":\"ListItem\",\"position\":1,\"name\":\"Home\",\"item\":\"https:\\\/\\\/bonasport.com\\\/ca\\\/\"},{\"@type\":\"ListItem\",\"position\":2,\"name\":\"\u2b55\ufe0f Canal Info\"}]},{\"@type\":\"WebSite\",\"@id\":\"https:\\\/\\\/bonasport.com\\\/ca\\\/#website\",\"url\":\"https:\\\/\\\/bonasport.com\\\/ca\\\/\",\"name\":\"Bonasport Club Tenis Padel Sport Barcelona\",\"description\":\"El Club m\u00e1s cosmopolita de Barcelona\",\"potentialAction\":[{\"@type\":\"SearchAction\",\"target\":{\"@type\":\"EntryPoint\",\"urlTemplate\":\"https:\\\/\\\/bonasport.com\\\/ca\\\/?s={search_term_string}\"},\"query-input\":{\"@type\":\"PropertyValueSpecification\",\"valueRequired\":true,\"valueName\":\"search_term_string\"}}],\"inLanguage\":\"ca\"}]}<\/script>\n<!-- \/ Yoast SEO plugin. -->","yoast_head_json":{"title":"\u2b55\ufe0f Canal Info - Bonasport Club Tenis Padel Sport Barcelona","robots":{"index":"index","follow":"follow","max-snippet":"max-snippet:-1","max-image-preview":"max-image-preview:large","max-video-preview":"max-video-preview:-1"},"canonical":"https:\/\/bonasport.com\/ca\/canal-info\/","og_locale":"ca_ES","og_type":"article","og_title":"\u2b55\ufe0f Canal Info - Bonasport Club Tenis Padel Sport Barcelona","og_description":"Normativa.- En compliment de la Llei 2\/2023, de 20 de febrer, reguladora de la protecci\u00f3 de les persones que informen sobre infraccions normatives i de lluita contra la corrupci\u00f3, BONASPORT, S.A. t\u00e9 implantat el Sistema Intern d\u2019Informaci\u00f3, el qual inclou el Canal Intern d\u2019Informaci\u00f3. Objectius.- L&#8217;establiment d&#8217;un Sistema Intern d\u2019Informaci\u00f3 t\u00e9 com a objectius principals [&hellip;]","og_url":"https:\/\/bonasport.com\/ca\/canal-info\/","og_site_name":"Bonasport Club Tenis Padel Sport Barcelona","article_modified_time":"2024-11-27T23:48:20+00:00","og_image":[{"width":1200,"height":686,"url":"https:\/\/bonasport.com\/cbs24\/wp-content\/uploads\/2024\/11\/canal-info-jpg.webp","type":"image\/webp"}],"twitter_card":"summary_large_image","twitter_misc":{"Temps estimat de lectura":"3 minuts"},"schema":{"@context":"https:\/\/schema.org","@graph":[{"@type":"WebPage","@id":"https:\/\/bonasport.com\/ca\/canal-info\/","url":"https:\/\/bonasport.com\/ca\/canal-info\/","name":"\u2b55\ufe0f Canal Info - Bonasport Club Tenis Padel Sport Barcelona","isPartOf":{"@id":"https:\/\/bonasport.com\/ca\/#website"},"primaryImageOfPage":{"@id":"https:\/\/bonasport.com\/ca\/canal-info\/#primaryimage"},"image":{"@id":"https:\/\/bonasport.com\/ca\/canal-info\/#primaryimage"},"thumbnailUrl":"https:\/\/bonasport.com\/cbs24\/wp-content\/uploads\/2024\/11\/canal-info-jpg.webp","datePublished":"2024-11-27T22:11:49+00:00","dateModified":"2024-11-27T23:48:20+00:00","breadcrumb":{"@id":"https:\/\/bonasport.com\/ca\/canal-info\/#breadcrumb"},"inLanguage":"ca","potentialAction":[{"@type":"ReadAction","target":["https:\/\/bonasport.com\/ca\/canal-info\/"]}]},{"@type":"ImageObject","inLanguage":"ca","@id":"https:\/\/bonasport.com\/ca\/canal-info\/#primaryimage","url":"https:\/\/bonasport.com\/cbs24\/wp-content\/uploads\/2024\/11\/canal-info-jpg.webp","contentUrl":"https:\/\/bonasport.com\/cbs24\/wp-content\/uploads\/2024\/11\/canal-info-jpg.webp","width":1200,"height":686},{"@type":"BreadcrumbList","@id":"https:\/\/bonasport.com\/ca\/canal-info\/#breadcrumb","itemListElement":[{"@type":"ListItem","position":1,"name":"Home","item":"https:\/\/bonasport.com\/ca\/"},{"@type":"ListItem","position":2,"name":"\u2b55\ufe0f Canal Info"}]},{"@type":"WebSite","@id":"https:\/\/bonasport.com\/ca\/#website","url":"https:\/\/bonasport.com\/ca\/","name":"Bonasport Club Tenis Padel Sport Barcelona","description":"El Club m\u00e1s cosmopolita de Barcelona","potentialAction":[{"@type":"SearchAction","target":{"@type":"EntryPoint","urlTemplate":"https:\/\/bonasport.com\/ca\/?s={search_term_string}"},"query-input":{"@type":"PropertyValueSpecification","valueRequired":true,"valueName":"search_term_string"}}],"inLanguage":"ca"}]}},"_links":{"self":[{"href":"https:\/\/bonasport.com\/ca\/wp-json\/wp\/v2\/pages\/8918","targetHints":{"allow":["GET"]}}],"collection":[{"href":"https:\/\/bonasport.com\/ca\/wp-json\/wp\/v2\/pages"}],"about":[{"href":"https:\/\/bonasport.com\/ca\/wp-json\/wp\/v2\/types\/page"}],"author":[{"embeddable":true,"href":"https:\/\/bonasport.com\/ca\/wp-json\/wp\/v2\/users\/1"}],"replies":[{"embeddable":true,"href":"https:\/\/bonasport.com\/ca\/wp-json\/wp\/v2\/comments?post=8918"}],"version-history":[{"count":0,"href":"https:\/\/bonasport.com\/ca\/wp-json\/wp\/v2\/pages\/8918\/revisions"}],"wp:featuredmedia":[{"embeddable":true,"href":"https:\/\/bonasport.com\/ca\/wp-json\/wp\/v2\/media\/8901"}],"wp:attachment":[{"href":"https:\/\/bonasport.com\/ca\/wp-json\/wp\/v2\/media?parent=8918"}],"curies":[{"name":"wp","href":"https:\/\/api.w.org\/{rel}","templated":true}]}}