{"id":8920,"date":"2024-11-28T00:02:55","date_gmt":"2024-11-27T23:02:55","guid":{"rendered":"https:\/\/bonasport.com\/cbs24\/canal-info\/formulario-canal-interno-informacion-anonimo\/"},"modified":"2024-11-28T01:04:42","modified_gmt":"2024-11-28T00:04:42","slug":"formulari-canal-intern-dinformacio-anonim","status":"publish","type":"page","link":"https:\/\/bonasport.com\/ca\/canal-info\/formulari-canal-intern-dinformacio-anonim\/","title":{"rendered":"\u2b55\ufe0f Formulari Canal Intern d\u2019informaci\u00f3 (an\u00f2nim)"},"content":{"rendered":"<p>Pot ser per escrit i\/o per gravaci\u00f3 de veu, al final del formulari<\/p>\n<h4>NO faciliteu dades de contacte i renuncieu a rebre comunicacions. NO es rebran comunicacions respecte al procediment.<\/h4>\n\n<div class=\"wpcf7 no-js\" id=\"wpcf7-f5930-o1\" lang=\"es-ES\" dir=\"ltr\" data-wpcf7-id=\"5930\">\n<div class=\"screen-reader-response\"><p role=\"status\" aria-live=\"polite\" aria-atomic=\"true\"><\/p> <ul><\/ul><\/div>\n<form action=\"\/ca\/wp-json\/wp\/v2\/pages\/8920#wpcf7-f5930-o1\" method=\"post\" class=\"wpcf7-form init\" aria-label=\"Formulario de contacto\" enctype=\"multipart\/form-data\" novalidate=\"novalidate\" data-status=\"init\">\n<fieldset class=\"hidden-fields-container\"><input type=\"hidden\" name=\"_wpcf7\" value=\"5930\" \/><input type=\"hidden\" name=\"_wpcf7_version\" value=\"6.1.5\" \/><input type=\"hidden\" name=\"_wpcf7_locale\" value=\"es_ES\" \/><input type=\"hidden\" name=\"_wpcf7_unit_tag\" value=\"wpcf7-f5930-o1\" \/><input type=\"hidden\" name=\"_wpcf7_container_post\" value=\"0\" \/><input type=\"hidden\" name=\"_wpcf7_posted_data_hash\" value=\"\" \/>\n<\/fieldset>\n<div class=\"wpcf7-turnstile cf-turnstile\" data-sitekey=\"0x4AAAAAAB5DSYQEN7cXotAf\" data-response-field-name=\"_wpcf7_turnstile_response\"><\/div>\n\n<p><label> Contingut informaci\u00f3<br \/>\n<span class=\"wpcf7-form-control-wrap\" data-name=\"your-message\"><textarea cols=\"40\" rows=\"10\" maxlength=\"2000\" class=\"wpcf7-form-control wpcf7-textarea wpcf7-validates-as-required\" aria-required=\"true\" aria-invalid=\"false\" name=\"your-message\"><\/textarea><\/span> <\/label>\n<\/p>\n<p>\r\n\r\n\r\n\t\t<!-- Start QCvoicemssg WordPress Plugin -->\r\n\r\n\t\t<div id=\"vmwpmdp-wpvoicemessage-ce4b11fd517ce635f9e71d10a2e127ce-1\"\r\n\r\n             class=\"vmwpmdp-wpvoicemessage-form-box vmwpmdp-step-start vmwpmdp-align-center\"\r\n\r\n             cform-name=\"Canal-Info-voice-ca\"\r\n\r\n             cform-id=\"8937\"\r\n\r\n             max-duration=\"60\"\r\n\r\n        >\r\n\r\n\r\n\r\n            \r\n\t\t<div class=\"vmwpmdp-wpvoicemessage-start-box\">\r\n\r\n\t\t\t\r\n\t\t\t\t<div class=\"vmwpmdp-wpvoicemessage-before-txt\">\r\n\r\n\t\t\t\t\t\tSi ho desitges pots enregistrar el teu missatge de veu\t\t\t\t\t\t\r\n\t\t\t\t\t<\/div>\r\n\r\n\t\t\t\r\n\r\n\r\n\t\t\t<div class=\"vmwpmdp-wpvoicemessage-start-btn-box vmwpmdp-hover-\">\r\n\r\n\t\t\t\t<a class=\"vmwpmdp-wpvoicemessage-start-btn vmwpmdp-icon-position-before\">\r\n\r\n\r\n\r\n\t\t\t\t\t\r\n\t\t\t\t\t\t<span class=\"vmwpmdp-wpvoicemessage-start-btn-icon\">\r\n<!-- Generator: Adobe Illustrator 19.0.0, SVG Export Plug-In . SVG Version: 6.00 Build 0)  -->\r\n<svg xmlns=\"http:\/\/www.w3.org\/2000\/svg\" viewBox=\"0 0 512 512\">\r\n<g>\r\n\t<g>\r\n\t\t<g>\r\n\t\t\t<path d=\"M256,341.333c58.907,0,106.667-47.759,106.667-106.667v-128C362.667,47.759,314.907,0,256,0\r\n\t\t\t\tS149.333,47.759,149.333,106.667v128C149.333,293.574,197.093,341.333,256,341.333z M256,42.667c35.343,0,64,28.657,64,64\r\n\t\t\t\th-21.333c-11.782,0-21.333,9.551-21.333,21.333c0,11.782,9.551,21.333,21.333,21.333H320V192h-21.333\r\n\t\t\t\tc-11.782,0-21.333,9.551-21.333,21.333c0,11.782,9.551,21.333,21.333,21.333H320c0,35.343-28.657,64-64,64s-64-28.657-64-64\r\n\t\t\t\th21.333c11.782,0,21.333-9.551,21.333-21.333c0-11.782-9.551-21.333-21.333-21.333H192v-42.667h21.333\r\n\t\t\t\tc11.782,0,21.333-9.551,21.333-21.333c0-11.782-9.551-21.333-21.333-21.333H192C192,71.323,220.657,42.667,256,42.667z\" \/>\r\n\t\t\t<path d=\"M448,128c-11.782,0-21.333,9.551-21.333,21.333v85.333c0,93.818-76.849,170.667-170.667,170.667\r\n\t\t\t\tS85.333,328.485,85.333,234.667v-85.333C85.333,137.551,75.782,128,64,128c-11.782,0-21.333,9.551-21.333,21.333v85.333\r\n\t\t\t\tc0,110.184,84.546,201.481,192,212.263v43.737c0,11.782,9.551,21.333,21.333,21.333c11.782,0,21.333-9.551,21.333-21.333V446.93\r\n\t\t\t\tc107.454-10.783,192-102.079,192-212.263v-85.333C469.333,137.551,459.782,128,448,128z\" \/>\r\n\t\t<\/g>\r\n\t<\/g>\r\n<\/g>\r\n<g>\r\n<\/g>\r\n<g>\r\n<\/g>\r\n<g>\r\n<\/g>\r\n<g>\r\n<\/g>\r\n<g>\r\n<\/g>\r\n<g>\r\n<\/g>\r\n<g>\r\n<\/g>\r\n<g>\r\n<\/g>\r\n<g>\r\n<\/g>\r\n<g>\r\n<\/g>\r\n<g>\r\n<\/g>\r\n<g>\r\n<\/g>\r\n<g>\r\n<\/g>\r\n<g>\r\n<\/g>\r\n<g>\r\n<\/g>\r\n<\/svg>\r\n<\/span>\r\n\r\n\t\t\t\t\t\r\n\r\n\r\n\t\t\t\t\t\r\n\t\t\t\t\t\t<span class=\"vmwpmdp-wpvoicemessage-start-btn-caption\">Comen\u00e7a gravaci\u00f3 de veu<\/span>\r\n\r\n\t\t\t\t\t\r\n\r\n\r\n\t\t\t\t<\/a>\r\n\r\n\t\t\t<\/div>\r\n\r\n\r\n\r\n\t\t\t\r\n\t\t\t\t<div class=\"vmwpmdp-wpvoicemessage-after-txt\">\r\n\r\n\t\t\t\t\t\t<p>Grava i escolta abans d'enviar<\/p>\t\t\t\t\t\t\r\n\t\t\t\t\t<\/div>\r\n\r\n\t\t\t\r\n\t\t<\/div>\r\n\r\n\t\t\r\n\r\n\r\n\t\t\t\r\n        <div class=\"vmwpmdp-wpvoicemessage-allow-access-box\">\r\n\r\n\t\t\t<h4>Permitir el acceso a su micr\u00f3fono<\/h4><p>Haga clic en \"Permitir\" en el cuadro de di\u00e1logo de permisos. Normalmente aparece debajo de la barra de direcciones en la parte superior izquierda de la ventana. Respetamos su privacidad.<\/p>\r\n        <\/div>\r\n\r\n        \r\n\r\n\r\n\t\t\t\r\n        <div class=\"vmwpmdp-wpvoicemessage-mic-access-err-box\">\r\n\r\n\t\t\t<h4>Error de acceso al micr\u00f3fono<\/h4><p>Parece que tu micr\u00f3fono est\u00e1 deshabilitado en la configuraci\u00f3n del navegador. Ve a la configuraci\u00f3n de tu navegador y habilita el acceso a tu micr\u00f3fono.<\/p>\r\n            <div class=\"vmwpmdp-speak-now-btns vmwpmdp-hover-\">\r\n\r\n                <a class=\"vmwpmdp-mic-access-err-reload-btn\"><span>Torna-ho a provar<\/span><\/a>\r\n\r\n            <\/div>\r\n\r\n        <\/div>\r\n\r\n\t\t\r\n\r\n\r\n\t\t\t\r\n\t\t<div class=\"vmwpmdp-wpvoicemessage-recording-box\">\r\n\r\n\t\t\t<h4>Parla ara<\/h4>\r\n<div><p class=\"vmwpmdp-wpvoicemessage-recording-countdown\">00:00<\/p><\/div>\r\n            <div class=\"vmwpmdp-wpvoicemessage-recording-animation\">\r\n\r\n                <canvas width=\"384\" height=\"60\">\r\n\r\n                    <div>Canvas not available.<\/div>\r\n\r\n                <\/canvas>\r\n\r\n            <\/div>\r\n\r\n\t\t\t<div class=\"vmwpmdp-speak-now-btns vmwpmdp-hover-\">\r\n\r\n\t\t\t\t<a class=\"vmwpmdp-stop-rec-btn\"><span>Para gravaci\u00f3<\/span><\/a>\r\n\t\t\t\t<a class=\"vmwpmdp-reset-rec-btn\" style=\"display:none\"><span>Pausa<\/span><\/a>\r\n\r\n\t\t\t<\/div>\r\n\r\n\t\t<\/div>\r\n\r\n\t\t\r\n\r\n\r\n\t\t\t\r\n\t\t<div class=\"vmwpmdp-wpvoicemessage-reset-box vmwpmdp-hover-\">\r\n\r\n\t\t\t<h4>Restablecer grabaci\u00f3n<\/h4><p>\u00bfEst\u00e1 seguro de que desea iniciar una nueva grabaci\u00f3n? Se eliminar\u00e1 su grabaci\u00f3n actual.<\/p>\r\n\t\t\t<div class=\"vmwpmdp-speak-now-btns\">\r\n\r\n\t\t\t\t<a class=\"vmwpmdp-reset-rec-yes\"><span>Reinicia gravaci\u00f3<\/span><\/a>\r\n\t\t\t\t<a class=\"vmwpmdp-reset-rec-no\"><span>Continua<\/span><\/a>\r\n\t\t\t\t<a class=\"vmwpmdp-reset-rec-back\"><span>Back<\/span><\/a>\r\n\t\t\t<\/div>\r\n\r\n\t\t<\/div>\r\n\r\n\t\t\r\n\r\n\r\n\t\t\t\r\n\t\t<div class=\"vmwpmdp-wpvoicemessage-error-box\">\r\n\r\n\t\t\t<h4>Ups, algo sali\u00f3 mal<\/h4><p>Se produjo un error durante la carga del audio. Haz clic en el bot\u00f3n Reintentar para intentarlo nuevamente.<\/p>\r\n\t\t<\/div>\r\n\r\n\t\t\r\n\r\n\r\n\t\t\t\r\n\t\t<div class=\"vmwpmdp-wpvoicemessage-send-box\">\r\n\r\n            \r\n\r\n\r\n\t\t\t<h4>Envia la teva gravaci\u00f3<\/h4>\r\n                <div class=\"vmwpmdp-wpvoicemessage-player-box\"><\/div>\r\n\t\t\t\t<div class=\"waveform\"><\/div>\r\n\t\t\r\n                \r\n\r\n\r\n\t\t        \r\n\r\n\r\n                <div class=\"vmwpmdp-send-btns vmwpmdp-hover-\">\r\n\r\n\t\t\t\t\t<a class=\"vmwpmdp-send-rec-btn\"><span>Guarda<\/span><\/a>\r\n\r\n\t\t\t\t\t<a class=\"vmwpmdp-reset-rec-btn\"><span>Reinicia gravaci\u00f3<\/span><\/a>\r\n\r\n                <\/div>\r\n\r\n\r\n\r\n\t\t\t\r\n\t\t<\/div>\r\n\r\n\t\t\r\n\r\n\r\n\t\t\t\r\n\t\t<div class=\"vmwpmdp-wpvoicemessage-thanks-box\">\r\n\r\n\t\t\t<h1>Missatge enviat correctament,\r\nen breu et respondrem<\/h1>\r\n            <a class=\"vmwpmdp-restart\"><span>Comen\u00e7a un missatge nou<\/span><\/a>\r\n\r\n        <\/div>\r\n\r\n\t\t\r\n\r\n\t\t\t<input type=\"hidden\" class=\"cf7-wpvoicemessage-field\" name=\"qcwpvoicemessage[]\" value=\"\">\r\n\r\n\r\n\t\t<\/div>\r\n\r\n\r\n\r\n\t\t<!-- End QCvoicemssg WordPress Plugin -->\r\n\r\n\t\t\n<\/p>\n<p><span class=\"wpcf7-form-control-wrap\" data-name=\"file-815\"><input size=\"40\" class=\"wpcf7-form-control wpcf7-file\" accept=\"image\/*,.txt,application\/pdf\" aria-invalid=\"false\" type=\"file\" name=\"file-815\" \/><\/span><br \/>\n<span class=\"wpcf7-form-control-wrap\" data-name=\"file-663\"><input size=\"40\" class=\"wpcf7-form-control wpcf7-file\" accept=\"image\/*,.txt,application\/pdf\" aria-invalid=\"false\" type=\"file\" name=\"file-663\" \/><\/span><br \/>\n<span class=\"wpcf7-form-control-wrap\" data-name=\"file-829\"><input size=\"40\" class=\"wpcf7-form-control wpcf7-file\" accept=\"image\/*,.txt,application\/pdf\" aria-invalid=\"false\" type=\"file\" name=\"file-829\" \/><\/span>\n<\/p>\n<p><input class=\"wpcf7-form-control wpcf7-submit has-spinner\" type=\"submit\" value=\"Enviar Missatge\" \/>\n<\/p><p style=\"display: none !important;\" class=\"akismet-fields-container\" data-prefix=\"_wpcf7_ak_\"><label>&#916;<textarea name=\"_wpcf7_ak_hp_textarea\" cols=\"45\" rows=\"8\" maxlength=\"100\"><\/textarea><\/label><input type=\"hidden\" id=\"ak_js_1\" name=\"_wpcf7_ak_js\" value=\"22\"\/><script>document.getElementById( \"ak_js_1\" ).setAttribute( \"value\", ( new Date() ).getTime() );<\/script><\/p><div class=\"wpcf7-response-output\" aria-hidden=\"true\"><\/div>\n<\/form>\n<\/div>\n\n<h5><strong>PROTECCI\u00d3 DE DADES<\/strong><br \/>\nEl Consell d\u2019Administraci\u00f3 de BONASPORT, S.A. \u00e9s responsable de tractament de les dades de car\u00e0cter personal que es tractin en el Sistema Intern d\u2019Informaci\u00f3<br \/>\nEl tractament de dades de car\u00e0cter personal que derivin de l\u2019aplicaci\u00f3 d\u2019aquest Sistema es regir\u00e0 pel que disposa el Reglament (UE) 2016\/679 del Parlament Europeu i del Consell, de 27 d\u2019abril de 2016, i en la Llei Org\u00e0nica 3\/2018, de 5 de desembre, de Protecci\u00f3 de Dades Personals i garantia dels drets digitals. Aix\u00ed mateix, espec\u00edficament, li ser\u00e0 d\u2019aplicaci\u00f3 el que preveu al respecte el T\u00edtol VI de la Llei 2\/2023, de 20 de febrer, reguladora de la protecci\u00f3 de les persones que informen sobre infraccions normatives i de lluita contra la corrupci\u00f3.<br \/>\nEls interessats podran exercir els drets acc\u00e9s, rectificaci\u00f3 o supressi\u00f3, limitaci\u00f3, oposici\u00f3 o en el seu cas la sol\u00b7licitud de portabilitat de les seues dades davant BONASPORT, S.A. Per a aix\u00f2 podr\u00e0 adre\u00e7ar-se a BONASPORT, S.A. acreditant la seva identitat. Pot fer-ho per correu postal, acompanyant a la seva sol\u00b7licitud una c\u00f2pia de DNI, o enviant un correu electr\u00f2nic que inclogui signatura electr\u00f2nica, a canalinfo@bonasport.com<\/h5>\n","protected":false},"excerpt":{"rendered":"<p>Pot ser per escrit i\/o per gravaci\u00f3 de veu, al final del formulari NO faciliteu dades de contacte i renuncieu a rebre comunicacions. NO es rebran comunicacions respecte al procediment. PROTECCI\u00d3 DE DADES El Consell d\u2019Administraci\u00f3 de BONASPORT, S.A. \u00e9s responsable de tractament de les dades de car\u00e0cter personal que es tractin en el Sistema [&hellip;]<\/p>\n","protected":false},"author":1,"featured_media":8901,"parent":8918,"menu_order":0,"comment_status":"closed","ping_status":"closed","template":"p-canalinfo.php","meta":{"_acf_changed":false,"footnotes":""},"class_list":["post-8920","page","type-page","status-publish","has-post-thumbnail","hentry"],"acf":[],"yoast_head":"<!-- This site is optimized with the Yoast SEO plugin v27.3 - https:\/\/yoast.com\/product\/yoast-seo-wordpress\/ -->\n<title>\u2b55\ufe0f Formulari Canal Intern d\u2019informaci\u00f3 (an\u00f2nim) - Bonasport Club Tenis Padel Sport Barcelona<\/title>\n<meta name=\"robots\" content=\"index, follow, max-snippet:-1, max-image-preview:large, max-video-preview:-1\" \/>\n<link rel=\"canonical\" href=\"https:\/\/bonasport.com\/ca\/canal-info\/formulari-canal-intern-dinformacio-anonim\/\" \/>\n<meta property=\"og:locale\" content=\"ca_ES\" \/>\n<meta property=\"og:type\" content=\"article\" \/>\n<meta property=\"og:title\" content=\"\u2b55\ufe0f Formulari Canal Intern d\u2019informaci\u00f3 (an\u00f2nim) - Bonasport Club Tenis Padel Sport Barcelona\" \/>\n<meta property=\"og:description\" content=\"Pot ser per escrit i\/o per gravaci\u00f3 de veu, al final del formulari NO faciliteu dades de contacte i renuncieu a rebre comunicacions. NO es rebran comunicacions respecte al procediment. PROTECCI\u00d3 DE DADES El Consell d\u2019Administraci\u00f3 de BONASPORT, S.A. \u00e9s responsable de tractament de les dades de car\u00e0cter personal que es tractin en el Sistema [&hellip;]\" \/>\n<meta property=\"og:url\" content=\"https:\/\/bonasport.com\/ca\/canal-info\/formulari-canal-intern-dinformacio-anonim\/\" \/>\n<meta property=\"og:site_name\" content=\"Bonasport Club Tenis Padel Sport Barcelona\" \/>\n<meta property=\"article:modified_time\" content=\"2024-11-28T00:04:42+00:00\" \/>\n<meta property=\"og:image\" content=\"https:\/\/bonasport.com\/cbs24\/wp-content\/uploads\/2024\/11\/canal-info-jpg.webp\" \/>\n\t<meta property=\"og:image:width\" content=\"1200\" \/>\n\t<meta property=\"og:image:height\" content=\"686\" \/>\n\t<meta property=\"og:image:type\" content=\"image\/webp\" \/>\n<meta name=\"twitter:card\" content=\"summary_large_image\" \/>\n<meta name=\"twitter:label1\" content=\"Temps estimat de lectura\" \/>\n\t<meta name=\"twitter:data1\" content=\"2 minuts\" \/>\n<script type=\"application\/ld+json\" class=\"yoast-schema-graph\">{\"@context\":\"https:\\\/\\\/schema.org\",\"@graph\":[{\"@type\":\"WebPage\",\"@id\":\"https:\\\/\\\/bonasport.com\\\/ca\\\/canal-info\\\/formulari-canal-intern-dinformacio-anonim\\\/\",\"url\":\"https:\\\/\\\/bonasport.com\\\/ca\\\/canal-info\\\/formulari-canal-intern-dinformacio-anonim\\\/\",\"name\":\"\u2b55\ufe0f Formulari Canal Intern d\u2019informaci\u00f3 (an\u00f2nim) - Bonasport Club Tenis Padel Sport Barcelona\",\"isPartOf\":{\"@id\":\"https:\\\/\\\/bonasport.com\\\/ca\\\/#website\"},\"primaryImageOfPage\":{\"@id\":\"https:\\\/\\\/bonasport.com\\\/ca\\\/canal-info\\\/formulari-canal-intern-dinformacio-anonim\\\/#primaryimage\"},\"image\":{\"@id\":\"https:\\\/\\\/bonasport.com\\\/ca\\\/canal-info\\\/formulari-canal-intern-dinformacio-anonim\\\/#primaryimage\"},\"thumbnailUrl\":\"https:\\\/\\\/bonasport.com\\\/cbs24\\\/wp-content\\\/uploads\\\/2024\\\/11\\\/canal-info-jpg.webp\",\"datePublished\":\"2024-11-27T23:02:55+00:00\",\"dateModified\":\"2024-11-28T00:04:42+00:00\",\"breadcrumb\":{\"@id\":\"https:\\\/\\\/bonasport.com\\\/ca\\\/canal-info\\\/formulari-canal-intern-dinformacio-anonim\\\/#breadcrumb\"},\"inLanguage\":\"ca\",\"potentialAction\":[{\"@type\":\"ReadAction\",\"target\":[\"https:\\\/\\\/bonasport.com\\\/ca\\\/canal-info\\\/formulari-canal-intern-dinformacio-anonim\\\/\"]}]},{\"@type\":\"ImageObject\",\"inLanguage\":\"ca\",\"@id\":\"https:\\\/\\\/bonasport.com\\\/ca\\\/canal-info\\\/formulari-canal-intern-dinformacio-anonim\\\/#primaryimage\",\"url\":\"https:\\\/\\\/bonasport.com\\\/cbs24\\\/wp-content\\\/uploads\\\/2024\\\/11\\\/canal-info-jpg.webp\",\"contentUrl\":\"https:\\\/\\\/bonasport.com\\\/cbs24\\\/wp-content\\\/uploads\\\/2024\\\/11\\\/canal-info-jpg.webp\",\"width\":1200,\"height\":686},{\"@type\":\"BreadcrumbList\",\"@id\":\"https:\\\/\\\/bonasport.com\\\/ca\\\/canal-info\\\/formulari-canal-intern-dinformacio-anonim\\\/#breadcrumb\",\"itemListElement\":[{\"@type\":\"ListItem\",\"position\":1,\"name\":\"Home\",\"item\":\"https:\\\/\\\/bonasport.com\\\/ca\\\/\"},{\"@type\":\"ListItem\",\"position\":2,\"name\":\"\u2b55\ufe0f Canal Info\",\"item\":\"https:\\\/\\\/bonasport.com\\\/ca\\\/canal-info\\\/\"},{\"@type\":\"ListItem\",\"position\":3,\"name\":\"\u2b55\ufe0f Formulari Canal Intern d\u2019informaci\u00f3 (an\u00f2nim)\"}]},{\"@type\":\"WebSite\",\"@id\":\"https:\\\/\\\/bonasport.com\\\/ca\\\/#website\",\"url\":\"https:\\\/\\\/bonasport.com\\\/ca\\\/\",\"name\":\"Bonasport Club Tenis Padel Sport Barcelona\",\"description\":\"El Club m\u00e1s cosmopolita de Barcelona\",\"potentialAction\":[{\"@type\":\"SearchAction\",\"target\":{\"@type\":\"EntryPoint\",\"urlTemplate\":\"https:\\\/\\\/bonasport.com\\\/ca\\\/?s={search_term_string}\"},\"query-input\":{\"@type\":\"PropertyValueSpecification\",\"valueRequired\":true,\"valueName\":\"search_term_string\"}}],\"inLanguage\":\"ca\"}]}<\/script>\n<!-- \/ Yoast SEO plugin. -->","yoast_head_json":{"title":"\u2b55\ufe0f Formulari Canal Intern d\u2019informaci\u00f3 (an\u00f2nim) - Bonasport Club Tenis Padel Sport Barcelona","robots":{"index":"index","follow":"follow","max-snippet":"max-snippet:-1","max-image-preview":"max-image-preview:large","max-video-preview":"max-video-preview:-1"},"canonical":"https:\/\/bonasport.com\/ca\/canal-info\/formulari-canal-intern-dinformacio-anonim\/","og_locale":"ca_ES","og_type":"article","og_title":"\u2b55\ufe0f Formulari Canal Intern d\u2019informaci\u00f3 (an\u00f2nim) - Bonasport Club Tenis Padel Sport Barcelona","og_description":"Pot ser per escrit i\/o per gravaci\u00f3 de veu, al final del formulari NO faciliteu dades de contacte i renuncieu a rebre comunicacions. NO es rebran comunicacions respecte al procediment. PROTECCI\u00d3 DE DADES El Consell d\u2019Administraci\u00f3 de BONASPORT, S.A. \u00e9s responsable de tractament de les dades de car\u00e0cter personal que es tractin en el Sistema [&hellip;]","og_url":"https:\/\/bonasport.com\/ca\/canal-info\/formulari-canal-intern-dinformacio-anonim\/","og_site_name":"Bonasport Club Tenis Padel Sport Barcelona","article_modified_time":"2024-11-28T00:04:42+00:00","og_image":[{"width":1200,"height":686,"url":"https:\/\/bonasport.com\/cbs24\/wp-content\/uploads\/2024\/11\/canal-info-jpg.webp","type":"image\/webp"}],"twitter_card":"summary_large_image","twitter_misc":{"Temps estimat de lectura":"2 minuts"},"schema":{"@context":"https:\/\/schema.org","@graph":[{"@type":"WebPage","@id":"https:\/\/bonasport.com\/ca\/canal-info\/formulari-canal-intern-dinformacio-anonim\/","url":"https:\/\/bonasport.com\/ca\/canal-info\/formulari-canal-intern-dinformacio-anonim\/","name":"\u2b55\ufe0f Formulari Canal Intern d\u2019informaci\u00f3 (an\u00f2nim) - Bonasport Club Tenis Padel Sport Barcelona","isPartOf":{"@id":"https:\/\/bonasport.com\/ca\/#website"},"primaryImageOfPage":{"@id":"https:\/\/bonasport.com\/ca\/canal-info\/formulari-canal-intern-dinformacio-anonim\/#primaryimage"},"image":{"@id":"https:\/\/bonasport.com\/ca\/canal-info\/formulari-canal-intern-dinformacio-anonim\/#primaryimage"},"thumbnailUrl":"https:\/\/bonasport.com\/cbs24\/wp-content\/uploads\/2024\/11\/canal-info-jpg.webp","datePublished":"2024-11-27T23:02:55+00:00","dateModified":"2024-11-28T00:04:42+00:00","breadcrumb":{"@id":"https:\/\/bonasport.com\/ca\/canal-info\/formulari-canal-intern-dinformacio-anonim\/#breadcrumb"},"inLanguage":"ca","potentialAction":[{"@type":"ReadAction","target":["https:\/\/bonasport.com\/ca\/canal-info\/formulari-canal-intern-dinformacio-anonim\/"]}]},{"@type":"ImageObject","inLanguage":"ca","@id":"https:\/\/bonasport.com\/ca\/canal-info\/formulari-canal-intern-dinformacio-anonim\/#primaryimage","url":"https:\/\/bonasport.com\/cbs24\/wp-content\/uploads\/2024\/11\/canal-info-jpg.webp","contentUrl":"https:\/\/bonasport.com\/cbs24\/wp-content\/uploads\/2024\/11\/canal-info-jpg.webp","width":1200,"height":686},{"@type":"BreadcrumbList","@id":"https:\/\/bonasport.com\/ca\/canal-info\/formulari-canal-intern-dinformacio-anonim\/#breadcrumb","itemListElement":[{"@type":"ListItem","position":1,"name":"Home","item":"https:\/\/bonasport.com\/ca\/"},{"@type":"ListItem","position":2,"name":"\u2b55\ufe0f Canal Info","item":"https:\/\/bonasport.com\/ca\/canal-info\/"},{"@type":"ListItem","position":3,"name":"\u2b55\ufe0f Formulari Canal Intern d\u2019informaci\u00f3 (an\u00f2nim)"}]},{"@type":"WebSite","@id":"https:\/\/bonasport.com\/ca\/#website","url":"https:\/\/bonasport.com\/ca\/","name":"Bonasport Club Tenis Padel Sport Barcelona","description":"El Club m\u00e1s cosmopolita de Barcelona","potentialAction":[{"@type":"SearchAction","target":{"@type":"EntryPoint","urlTemplate":"https:\/\/bonasport.com\/ca\/?s={search_term_string}"},"query-input":{"@type":"PropertyValueSpecification","valueRequired":true,"valueName":"search_term_string"}}],"inLanguage":"ca"}]}},"_links":{"self":[{"href":"https:\/\/bonasport.com\/ca\/wp-json\/wp\/v2\/pages\/8920","targetHints":{"allow":["GET"]}}],"collection":[{"href":"https:\/\/bonasport.com\/ca\/wp-json\/wp\/v2\/pages"}],"about":[{"href":"https:\/\/bonasport.com\/ca\/wp-json\/wp\/v2\/types\/page"}],"author":[{"embeddable":true,"href":"https:\/\/bonasport.com\/ca\/wp-json\/wp\/v2\/users\/1"}],"replies":[{"embeddable":true,"href":"https:\/\/bonasport.com\/ca\/wp-json\/wp\/v2\/comments?post=8920"}],"version-history":[{"count":0,"href":"https:\/\/bonasport.com\/ca\/wp-json\/wp\/v2\/pages\/8920\/revisions"}],"up":[{"embeddable":true,"href":"https:\/\/bonasport.com\/ca\/wp-json\/wp\/v2\/pages\/8918"}],"wp:featuredmedia":[{"embeddable":true,"href":"https:\/\/bonasport.com\/ca\/wp-json\/wp\/v2\/media\/8901"}],"wp:attachment":[{"href":"https:\/\/bonasport.com\/ca\/wp-json\/wp\/v2\/media?parent=8920"}],"curies":[{"name":"wp","href":"https:\/\/api.w.org\/{rel}","templated":true}]}}