{"id":7221,"date":"2024-06-20T13:43:30","date_gmt":"2024-06-20T11:43:30","guid":{"rendered":"https:\/\/bonasport.com\/cbs24\/monitores\/"},"modified":"2026-02-27T12:56:07","modified_gmt":"2026-02-27T11:56:07","slug":"monitors","status":"publish","type":"page","link":"https:\/\/bonasport.com\/en\/monitors\/","title":{"rendered":"Bonasport Monitors"},"content":{"rendered":"<h1>Bonasport Monitors<\/h1>\n<h2>At Bonasport, we have the best personal trainers, dedicated to offering top quality advice to our members. We understand that each person is unique, which is why we design exclusive training programs that adapt to the individual objectives and goals of each member.<\/h2>\n","protected":false},"excerpt":{"rendered":"<p>Bonasport Monitors At Bonasport, we have the best personal trainers, dedicated to offering top quality advice to our members. We understand that each person is unique, which is why we design exclusive training programs that adapt to the individual objectives and goals of each member.<\/p>\n","protected":false},"author":1,"featured_media":0,"parent":0,"menu_order":0,"comment_status":"closed","ping_status":"closed","template":"p-monitors.php","meta":{"_acf_changed":false,"footnotes":""},"class_list":["post-7221","page","type-page","status-publish","hentry"],"acf":[],"yoast_head":"<!-- This site is optimized with the Yoast SEO plugin v27.4 - https:\/\/yoast.com\/product\/yoast-seo-wordpress\/ -->\n<title>Monitores - Bonasport Club Tenis Padel Sport Barcelona<\/title>\n<meta name=\"description\" content=\"Nuestro equipo est\u00e1 comprometido tanto con el bienestar integral de nuestros miembros as\u00ed como con mejorar su condici\u00f3n f\u00edsica.\" \/>\n<meta name=\"robots\" content=\"index, follow, max-snippet:-1, max-image-preview:large, max-video-preview:-1\" \/>\n<link rel=\"canonical\" href=\"https:\/\/bonasport.com\/en\/monitors\/\" \/>\n<meta property=\"og:locale\" content=\"en_US\" \/>\n<meta property=\"og:type\" content=\"article\" \/>\n<meta property=\"og:title\" content=\"Monitores - Bonasport Club Tenis Padel Sport Barcelona\" \/>\n<meta property=\"og:description\" content=\"Nuestro equipo est\u00e1 comprometido tanto con el bienestar integral de nuestros miembros as\u00ed como con mejorar su condici\u00f3n f\u00edsica.\" \/>\n<meta property=\"og:url\" content=\"https:\/\/bonasport.com\/en\/monitors\/\" \/>\n<meta property=\"og:site_name\" content=\"Bonasport Club Tenis Padel Sport Barcelona\" \/>\n<meta property=\"article:modified_time\" content=\"2026-02-27T11:56:07+00:00\" \/>\n<meta name=\"twitter:card\" content=\"summary_large_image\" \/>\n<meta name=\"twitter:label1\" content=\"Est. reading time\" \/>\n\t<meta name=\"twitter:data1\" content=\"8 minutes\" \/>\n<script type=\"application\/ld+json\" class=\"yoast-schema-graph\">{\"@context\":\"https:\\\/\\\/schema.org\",\"@graph\":[{\"@type\":\"WebPage\",\"@id\":\"https:\\\/\\\/bonasport.com\\\/en\\\/monitors\\\/\",\"url\":\"https:\\\/\\\/bonasport.com\\\/en\\\/monitors\\\/\",\"name\":\"Monitores - Bonasport Club Tenis Padel Sport Barcelona\",\"isPartOf\":{\"@id\":\"https:\\\/\\\/bonasport.com\\\/en\\\/#website\"},\"datePublished\":\"2024-06-20T11:43:30+00:00\",\"dateModified\":\"2026-02-27T11:56:07+00:00\",\"description\":\"Nuestro equipo est\u00e1 comprometido tanto con el bienestar integral de nuestros miembros as\u00ed como con mejorar su condici\u00f3n f\u00edsica.\",\"breadcrumb\":{\"@id\":\"https:\\\/\\\/bonasport.com\\\/en\\\/monitors\\\/#breadcrumb\"},\"inLanguage\":\"en-US\",\"potentialAction\":[{\"@type\":\"ReadAction\",\"target\":[\"https:\\\/\\\/bonasport.com\\\/en\\\/monitors\\\/\"]}]},{\"@type\":\"BreadcrumbList\",\"@id\":\"https:\\\/\\\/bonasport.com\\\/en\\\/monitors\\\/#breadcrumb\",\"itemListElement\":[{\"@type\":\"ListItem\",\"position\":1,\"name\":\"Home\",\"item\":\"https:\\\/\\\/bonasport.com\\\/en\\\/\"},{\"@type\":\"ListItem\",\"position\":2,\"name\":\"Bonasport Monitors\"}]},{\"@type\":\"WebSite\",\"@id\":\"https:\\\/\\\/bonasport.com\\\/en\\\/#website\",\"url\":\"https:\\\/\\\/bonasport.com\\\/en\\\/\",\"name\":\"Bonasport Club Tenis Padel Sport Barcelona\",\"description\":\"El Club m\u00e1s cosmopolita de Barcelona\",\"potentialAction\":[{\"@type\":\"SearchAction\",\"target\":{\"@type\":\"EntryPoint\",\"urlTemplate\":\"https:\\\/\\\/bonasport.com\\\/en\\\/?s={search_term_string}\"},\"query-input\":{\"@type\":\"PropertyValueSpecification\",\"valueRequired\":true,\"valueName\":\"search_term_string\"}}],\"inLanguage\":\"en-US\"}]}<\/script>\n<!-- \/ Yoast SEO plugin. -->","yoast_head_json":{"title":"Monitores - Bonasport Club Tenis Padel Sport Barcelona","description":"Nuestro equipo est\u00e1 comprometido tanto con el bienestar integral de nuestros miembros as\u00ed como con mejorar su condici\u00f3n f\u00edsica.","robots":{"index":"index","follow":"follow","max-snippet":"max-snippet:-1","max-image-preview":"max-image-preview:large","max-video-preview":"max-video-preview:-1"},"canonical":"https:\/\/bonasport.com\/en\/monitors\/","og_locale":"en_US","og_type":"article","og_title":"Monitores - Bonasport Club Tenis Padel Sport Barcelona","og_description":"Nuestro equipo est\u00e1 comprometido tanto con el bienestar integral de nuestros miembros as\u00ed como con mejorar su condici\u00f3n f\u00edsica.","og_url":"https:\/\/bonasport.com\/en\/monitors\/","og_site_name":"Bonasport Club Tenis Padel Sport Barcelona","article_modified_time":"2026-02-27T11:56:07+00:00","twitter_card":"summary_large_image","twitter_misc":{"Est. reading time":"8 minutes"},"schema":{"@context":"https:\/\/schema.org","@graph":[{"@type":"WebPage","@id":"https:\/\/bonasport.com\/en\/monitors\/","url":"https:\/\/bonasport.com\/en\/monitors\/","name":"Monitores - Bonasport Club Tenis Padel Sport Barcelona","isPartOf":{"@id":"https:\/\/bonasport.com\/en\/#website"},"datePublished":"2024-06-20T11:43:30+00:00","dateModified":"2026-02-27T11:56:07+00:00","description":"Nuestro equipo est\u00e1 comprometido tanto con el bienestar integral de nuestros miembros as\u00ed como con mejorar su condici\u00f3n f\u00edsica.","breadcrumb":{"@id":"https:\/\/bonasport.com\/en\/monitors\/#breadcrumb"},"inLanguage":"en-US","potentialAction":[{"@type":"ReadAction","target":["https:\/\/bonasport.com\/en\/monitors\/"]}]},{"@type":"BreadcrumbList","@id":"https:\/\/bonasport.com\/en\/monitors\/#breadcrumb","itemListElement":[{"@type":"ListItem","position":1,"name":"Home","item":"https:\/\/bonasport.com\/en\/"},{"@type":"ListItem","position":2,"name":"Bonasport Monitors"}]},{"@type":"WebSite","@id":"https:\/\/bonasport.com\/en\/#website","url":"https:\/\/bonasport.com\/en\/","name":"Bonasport Club Tenis Padel Sport Barcelona","description":"El Club m\u00e1s cosmopolita de Barcelona","potentialAction":[{"@type":"SearchAction","target":{"@type":"EntryPoint","urlTemplate":"https:\/\/bonasport.com\/en\/?s={search_term_string}"},"query-input":{"@type":"PropertyValueSpecification","valueRequired":true,"valueName":"search_term_string"}}],"inLanguage":"en-US"}]}},"_links":{"self":[{"href":"https:\/\/bonasport.com\/en\/wp-json\/wp\/v2\/pages\/7221","targetHints":{"allow":["GET"]}}],"collection":[{"href":"https:\/\/bonasport.com\/en\/wp-json\/wp\/v2\/pages"}],"about":[{"href":"https:\/\/bonasport.com\/en\/wp-json\/wp\/v2\/types\/page"}],"author":[{"embeddable":true,"href":"https:\/\/bonasport.com\/en\/wp-json\/wp\/v2\/users\/1"}],"replies":[{"embeddable":true,"href":"https:\/\/bonasport.com\/en\/wp-json\/wp\/v2\/comments?post=7221"}],"version-history":[{"count":11,"href":"https:\/\/bonasport.com\/en\/wp-json\/wp\/v2\/pages\/7221\/revisions"}],"predecessor-version":[{"id":9391,"href":"https:\/\/bonasport.com\/en\/wp-json\/wp\/v2\/pages\/7221\/revisions\/9391"}],"wp:attachment":[{"href":"https:\/\/bonasport.com\/en\/wp-json\/wp\/v2\/media?parent=7221"}],"curies":[{"name":"wp","href":"https:\/\/api.w.org\/{rel}","templated":true}]}}